{"id":324507,"date":"2023-08-06T23:16:00","date_gmt":"2023-08-07T03:16:00","guid":{"rendered":"https:\/\/peilishop.com\/product\/nira-pure-cashmere-neck-warmer\/"},"modified":"2025-07-03T05:35:13","modified_gmt":"2025-07-03T09:35:13","slug":"nira-pure-cashmere-neck-warmer","status":"publish","type":"product","link":"https:\/\/peilishop.com\/de\/produkt\/nira-pure-cashmere-neck-warmer\/","title":{"rendered":"Nira Halsw\u00e4rmer aus reinem Kaschmir"},"content":{"rendered":"\t\t<div data-elementor-type=\"wp-post\" data-elementor-id=\"324507\" class=\"elementor elementor-324507 elementor-31206\" data-elementor-post-type=\"product\">\n\t\t\t\t\t\t<section class=\"wd-negative-gap elementor-section elementor-top-section elementor-element elementor-element-309ee49 elementor-section-boxed elementor-section-height-default elementor-section-height-default\" data-id=\"309ee49\" data-element_type=\"section\" data-e-type=\"section\">\n\t\t\t\t\t\t<div class=\"elementor-container elementor-column-gap-default\">\n\t\t\t\t\t<div class=\"elementor-column elementor-col-100 elementor-top-column elementor-element elementor-element-27c6e88\" data-id=\"27c6e88\" data-element_type=\"column\" data-e-type=\"column\">\n\t\t\t<div class=\"elementor-widget-wrap elementor-element-populated\">\n\t\t\t\t\t\t<div class=\"elementor-element elementor-element-ffd11f9 color-scheme-inherit text-left elementor-widget elementor-widget-text-editor\" data-id=\"ffd11f9\" data-element_type=\"widget\" data-e-type=\"widget\" data-widget_type=\"text-editor.default\">\n\t\t\t\t<div class=\"elementor-widget-container\">\n\t\t\t\t\t\t\t\t\t<p>Nira ist federleicht, weich und unglaublich warm. Es ist kunstvoll aus 100% mongolischem Kaschmir gewebt und hat eine wundersch\u00f6n strukturierte Rundstrickstruktur. Wickeln Sie den Kreis um Ihren Hals, er wird Sie mit der unglaublichen Weichheit von kostbarem Kaschmir verw\u00f6hnen.  <\/p>\n<ul>\n<li><span data-preserver-spaces=\"true\">Material: <\/span><span data-preserver-spaces=\"true\">100% Mongolisches Kaschmir der G\u00fcteklasse A <\/span> <\/li>\n<li>Nat\u00fcrlich gef\u00e4rbt, keine sch\u00e4dlichen Chemikalien<\/li>\n<li><span data-preserver-spaces=\"true\">  Komfort: Himmlisch weich und atmungsaktiv, kein Jucken oder \u00dcberhitzen<\/span><\/li>\n<li style=\"text-align: left;\">Gr\u00f6\u00dfe: 52cm x 24cm\/ 20.47&#8243; x 9.45&#8243;<\/li>\n<li><span data-preserver-spaces=\"true\"><span data-preserver-spaces=\"true\"><span data-preserver-spaces=\"true\"><span data-preserver-spaces=\"true\"><span data-preserver-spaces=\"true\">Mit Sorgfalt in der inneren Mongolei hergestellt<\/span><\/span><\/span><\/span><\/span><\/li><li>Inklusive KOSTENLOSER Geschenkbox mit optionalen Geschenkbotschaften<\/li>\n<\/ul>\t\t\t\t\t\t\t\t<\/div>\n\t\t\t\t<\/div>\n\t\t\t\t\t<\/div>\n\t\t<\/div>\n\t\t\t\t\t<\/div>\n\t\t<\/section>\n\t\t\t\t<\/div>\n\t\t","protected":false},"excerpt":{"rendered":"<p>Nira ist federleicht, weich und unglaublich warm. Es ist kunstvoll aus 100% mongolischem Kaschmir gewebt und hat eine wundersch\u00f6n strukturierte<\/p>\n","protected":false},"featured_media":260427,"comment_status":"open","ping_status":"closed","template":"","meta":[],"product_brand":[],"product_cat":[1343,1127],"product_tag":[1232,1731],"class_list":{"0":"post-324507","1":"product","2":"type-product","3":"status-publish","4":"has-post-thumbnail","6":"product_cat-kaschmir-schals","7":"product_cat-schals-tucher","8":"product_tag-einfach","9":"product_tag-lightweight-scarves","10":"product_shipping_class-foldable","11":"pa_color-beige-de","12":"pa_color-dunkelgrau","13":"pa_color-gelb","14":"pa_color-grau","15":"pa_color-hellgrau","16":"pa_color-khaki-de","17":"pa_color-rot","18":"pa_color-schwarz","19":"pa_color-weis","20":"pa_material-kaschmir","21":"pa_pattern-plain","23":"first","24":"instock","25":"shipping-taxable","26":"purchasable","27":"product-type-variable"},"_links":{"self":[{"href":"https:\/\/peilishop.com\/de\/wp-json\/wp\/v2\/product\/324507","targetHints":{"allow":["GET"]}}],"collection":[{"href":"https:\/\/peilishop.com\/de\/wp-json\/wp\/v2\/product"}],"about":[{"href":"https:\/\/peilishop.com\/de\/wp-json\/wp\/v2\/types\/product"}],"replies":[{"embeddable":true,"href":"https:\/\/peilishop.com\/de\/wp-json\/wp\/v2\/comments?post=324507"}],"version-history":[{"count":0,"href":"https:\/\/peilishop.com\/de\/wp-json\/wp\/v2\/product\/324507\/revisions"}],"wp:featuredmedia":[{"embeddable":true,"href":"https:\/\/peilishop.com\/de\/wp-json\/wp\/v2\/media\/260427"}],"wp:attachment":[{"href":"https:\/\/peilishop.com\/de\/wp-json\/wp\/v2\/media?parent=324507"}],"wp:term":[{"taxonomy":"product_brand","embeddable":true,"href":"https:\/\/peilishop.com\/de\/wp-json\/wp\/v2\/product_brand?post=324507"},{"taxonomy":"product_cat","embeddable":true,"href":"https:\/\/peilishop.com\/de\/wp-json\/wp\/v2\/product_cat?post=324507"},{"taxonomy":"product_tag","embeddable":true,"href":"https:\/\/peilishop.com\/de\/wp-json\/wp\/v2\/product_tag?post=324507"}],"curies":[{"name":"wp","href":"https:\/\/api.w.org\/{rel}","templated":true}]}}