{"id":324269,"date":"2025-11-12T12:19:00","date_gmt":"2025-11-12T17:19:00","guid":{"rendered":"https:\/\/peilishop.com\/product\/aani-pure-cashmere-featherlight-scarf-wrap\/"},"modified":"2026-05-07T10:03:45","modified_gmt":"2026-05-07T14:03:45","slug":"aani-pure-cashmere-featherlight-scarf-wrap","status":"publish","type":"product","link":"https:\/\/peilishop.com\/de\/produkt\/aani-pure-cashmere-featherlight-scarf-wrap\/","title":{"rendered":"Aani Reines Kaschmir Federleichtes Halstuch Wrap"},"content":{"rendered":"<p>Wir stellen Ihnen den Aani Featherlight Cashmere Scarf Wrap vor &#8211; das perfekte Accessoire f\u00fcr jeden Anlass und zu jeder Jahreszeit! Dieser luxuri\u00f6se Schal wurde aus feinstem Kaschmir gefertigt, wodurch er unglaublich weich und leicht ist, wann immer Sie ihn tragen. In den k\u00fchleren Monaten ist er ideal zum \u00dcberziehen, um Sie warm zu halten &#8211; w\u00e4hrend er in den w\u00e4rmeren Monaten atmungsaktiv genug ist, um f\u00fcr Abk\u00fchlung zu sorgen.  <\/p>\n<ul>\n<li>Material: 100% Mongolisches Kaschmir der G\u00fcteklasse A<\/li>\n<li>Nat\u00fcrlich gef\u00e4rbt, keine sch\u00e4dlichen Chemikalien<\/li>\n<li>Komfort: Himmlisch weich und atmungsaktiv, kein Jucken oder \u00dcberhitzen<\/li>\n<li style=\"text-align: left;\">Gr\u00f6\u00dfe: 230cm x 100cm\/ 90.5&#8243; x 39.4&#8243;<\/li>\n<li style=\"text-align: left;\">300 Garne<\/li>\n<li>Leicht federleicht: 60 Gramm<\/li>\n<li>Mit Sorgfalt in der inneren Mongolei hergestellt<\/li>\n<li>Inklusive KOSTENLOSER Geschenkbox mit optionalen Geschenkbotschaften<\/li>\n<\/ul>\n","protected":false},"excerpt":{"rendered":"<p>Wir stellen Ihnen den Aani Featherlight Cashmere Scarf Wrap vor &#8211; das perfekte Accessoire f\u00fcr jeden Anlass und zu jeder<\/p>\n","protected":false},"featured_media":211452,"comment_status":"open","ping_status":"closed","template":"","meta":[],"product_brand":[],"product_cat":[1614,1127],"product_tag":[1232,1731],"class_list":{"0":"post-324269","1":"product","2":"type-product","3":"status-publish","4":"has-post-thumbnail","6":"product_cat-federleichte-kaschmirschals","7":"product_cat-schals-tucher","8":"product_tag-einfach","9":"product_tag-lightweight-scarves","10":"product_shipping_class-foldable","11":"pa_color-abenddammerung","12":"pa_color-beige-de","13":"pa_color-blassrosa","14":"pa_color-blau","15":"pa_color-braun","16":"pa_color-burgunderrot","17":"pa_color-champagner","18":"pa_color-chili-rot","19":"pa_color-curry","20":"pa_color-dunkelblau","21":"pa_color-dunkelbraun","22":"pa_color-dunkelgrau","23":"pa_color-elfenbeinweis","24":"pa_color-farngrun","25":"pa_color-gebrannte-orange","26":"pa_color-gelb","27":"pa_color-gelb-grun","28":"pa_color-gelb-rosa","29":"pa_color-goldgelb","30":"pa_color-grun","31":"pa_color-heises-rosa","32":"pa_color-hellblau","33":"pa_color-hellbraun","34":"pa_color-helles-heises-rosa","35":"pa_color-hellgrau","36":"pa_color-hellviolett","37":"pa_color-himmelblau","38":"pa_color-honigtau-grun","39":"pa_color-jagergrun","40":"pa_color-khaki-de","41":"pa_color-korallenrosa","42":"pa_color-kornblumenblau","43":"pa_color-leuchtendes-orange","44":"pa_color-lila","45":"pa_color-lorbeergrun","46":"pa_color-luftwaffe-blau","47":"pa_color-mandarine-de","48":"pa_color-mandel","49":"pa_color-mintgrun","50":"pa_color-nackt","51":"pa_color-olivgrun","52":"pa_color-pedal-rosa-de","53":"pa_color-perlweis-lila","54":"pa_color-rosa-de","55":"pa_color-rot","56":"pa_color-rot-rosa","57":"pa_color-sapphire-de","58":"pa_color-schwarz","59":"pa_color-senfgelb","60":"pa_color-silber","61":"pa_color-silber-rosa","62":"pa_color-tan-de","63":"pa_color-tannengrun","64":"pa_color-tinte-blau","65":"pa_color-weis","66":"pa_color-weizen","67":"pa_color-wustenrose","68":"pa_material-kaschmir","69":"pa_pattern-fringe","70":"pa_pattern-plain","72":"first","73":"instock","74":"featured","75":"shipping-taxable","76":"purchasable","77":"product-type-variable","78":"has-default-attributes"},"_links":{"self":[{"href":"https:\/\/peilishop.com\/de\/wp-json\/wp\/v2\/product\/324269","targetHints":{"allow":["GET"]}}],"collection":[{"href":"https:\/\/peilishop.com\/de\/wp-json\/wp\/v2\/product"}],"about":[{"href":"https:\/\/peilishop.com\/de\/wp-json\/wp\/v2\/types\/product"}],"replies":[{"embeddable":true,"href":"https:\/\/peilishop.com\/de\/wp-json\/wp\/v2\/comments?post=324269"}],"version-history":[{"count":0,"href":"https:\/\/peilishop.com\/de\/wp-json\/wp\/v2\/product\/324269\/revisions"}],"wp:featuredmedia":[{"embeddable":true,"href":"https:\/\/peilishop.com\/de\/wp-json\/wp\/v2\/media\/211452"}],"wp:attachment":[{"href":"https:\/\/peilishop.com\/de\/wp-json\/wp\/v2\/media?parent=324269"}],"wp:term":[{"taxonomy":"product_brand","embeddable":true,"href":"https:\/\/peilishop.com\/de\/wp-json\/wp\/v2\/product_brand?post=324269"},{"taxonomy":"product_cat","embeddable":true,"href":"https:\/\/peilishop.com\/de\/wp-json\/wp\/v2\/product_cat?post=324269"},{"taxonomy":"product_tag","embeddable":true,"href":"https:\/\/peilishop.com\/de\/wp-json\/wp\/v2\/product_tag?post=324269"}],"curies":[{"name":"wp","href":"https:\/\/api.w.org\/{rel}","templated":true}]}}