{"id":279765,"date":"2023-05-21T03:53:00","date_gmt":"2023-05-21T07:53:00","guid":{"rendered":"https:\/\/peilishop.com\/product\/roi-pearl-print-quadratischer-seidenschal\/"},"modified":"2025-04-13T22:50:04","modified_gmt":"2025-04-14T02:50:04","slug":"roi-pearl-print-quadratischer-seidenschal","status":"publish","type":"product","link":"https:\/\/peilishop.com\/de\/produkt\/roi-pearl-print-quadratischer-seidenschal\/","title":{"rendered":"Roi Pearl Print Quadratischer Seidenschal"},"content":{"rendered":"\t\t<div data-elementor-type=\"wp-post\" data-elementor-id=\"279765\" class=\"elementor elementor-279765 elementor-55793\" data-elementor-post-type=\"product\">\n\t\t\t\t\t\t<section class=\"wd-negative-gap elementor-section elementor-top-section elementor-element elementor-element-309ee49 elementor-section-boxed elementor-section-height-default elementor-section-height-default\" data-id=\"309ee49\" data-element_type=\"section\" data-e-type=\"section\">\n\t\t\t\t\t\t<div class=\"elementor-container elementor-column-gap-default\">\n\t\t\t\t\t<div class=\"elementor-column elementor-col-100 elementor-top-column elementor-element elementor-element-27c6e88\" data-id=\"27c6e88\" data-element_type=\"column\" data-e-type=\"column\">\n\t\t\t<div class=\"elementor-widget-wrap elementor-element-populated\">\n\t\t\t\t\t\t<div class=\"elementor-element elementor-element-ffd11f9 color-scheme-inherit text-left elementor-widget elementor-widget-text-editor\" data-id=\"ffd11f9\" data-element_type=\"widget\" data-e-type=\"widget\" data-widget_type=\"text-editor.default\">\n\t\t\t\t<div class=\"elementor-widget-container\">\n\t\t\t\t\t\t\t\t\t<p style=\"text-align: left;\"><span data-preserver-spaces=\"true\">Peppen Sie Ihr Outfit mit dem Roi Schal auf. Dieser Schal aus luxuri\u00f6ser Seide besticht durch seinen Perlenprint, der jedem Look einen Hauch von Eleganz verleiht. Der Schal ist leicht und damit perfekt f\u00fcr jede Jahreszeit. Er ist so vielseitig, dass Sie ihn als Halstuch, Kopftuch oder sogar als G\u00fcrtel tragen k\u00f6nnen.   <\/span><\/p><ul><li style=\"text-align: left;\"><span data-preserver-spaces=\"true\">Material: <\/span><span data-preserver-spaces=\"true\">100%<\/span> Maulbeerseide der G\u00fcteklasse 6A <span data-preserver-spaces=\"true\">(16 momme)<br><\/span><\/li><li style=\"text-align: left;\">Gr\u00f6\u00dfe: 90cm x 90cm\/ 35.4&#8243; x 35.4&#8243;<\/li><li style=\"text-align: left;\">Quadratische Form<\/li><li style=\"text-align: left;\">Gewicht: 131 Gramm<\/li><li>Mit Sorgfalt in Hangzhou hergestellt<\/li><\/ul>\t\t\t\t\t\t\t\t<\/div>\n\t\t\t\t<\/div>\n\t\t\t\t\t<\/div>\n\t\t<\/div>\n\t\t\t\t\t<\/div>\n\t\t<\/section>\n\t\t\t\t<\/div>\n\t\t","protected":false},"excerpt":{"rendered":"<p>Peppen Sie Ihr Outfit mit dem Roi Schal auf. Dieser Schal aus luxuri\u00f6ser Seide besticht durch seinen Perlenprint, der jedem<\/p>\n","protected":false},"featured_media":55806,"comment_status":"open","ping_status":"closed","template":"","meta":[],"product_brand":[],"product_cat":[1127,1449,1490],"product_tag":[],"class_list":{"0":"post-279765","1":"product","2":"type-product","3":"status-publish","4":"has-post-thumbnail","6":"product_cat-schals-tucher","7":"product_cat-seidenschals","8":"product_cat-seidentucher","9":"product_shipping_class-foldable","10":"pa_color-senfgelb","11":"pa_material-seide","12":"pa_pattern-patterned","14":"first","15":"instock","16":"sale","17":"shipping-taxable","18":"purchasable","19":"product-type-simple"},"_links":{"self":[{"href":"https:\/\/peilishop.com\/de\/wp-json\/wp\/v2\/product\/279765","targetHints":{"allow":["GET"]}}],"collection":[{"href":"https:\/\/peilishop.com\/de\/wp-json\/wp\/v2\/product"}],"about":[{"href":"https:\/\/peilishop.com\/de\/wp-json\/wp\/v2\/types\/product"}],"replies":[{"embeddable":true,"href":"https:\/\/peilishop.com\/de\/wp-json\/wp\/v2\/comments?post=279765"}],"version-history":[{"count":0,"href":"https:\/\/peilishop.com\/de\/wp-json\/wp\/v2\/product\/279765\/revisions"}],"wp:featuredmedia":[{"embeddable":true,"href":"https:\/\/peilishop.com\/de\/wp-json\/wp\/v2\/media\/55806"}],"wp:attachment":[{"href":"https:\/\/peilishop.com\/de\/wp-json\/wp\/v2\/media?parent=279765"}],"wp:term":[{"taxonomy":"product_brand","embeddable":true,"href":"https:\/\/peilishop.com\/de\/wp-json\/wp\/v2\/product_brand?post=279765"},{"taxonomy":"product_cat","embeddable":true,"href":"https:\/\/peilishop.com\/de\/wp-json\/wp\/v2\/product_cat?post=279765"},{"taxonomy":"product_tag","embeddable":true,"href":"https:\/\/peilishop.com\/de\/wp-json\/wp\/v2\/product_tag?post=279765"}],"curies":[{"name":"wp","href":"https:\/\/api.w.org\/{rel}","templated":true}]}}