{"id":279741,"date":"2023-05-18T08:12:00","date_gmt":"2023-05-18T12:12:00","guid":{"rendered":"https:\/\/peilishop.com\/product\/ade-quadratischer-seidenschal\/"},"modified":"2025-04-13T22:49:51","modified_gmt":"2025-04-14T02:49:51","slug":"ade-quadratischer-seidenschal","status":"publish","type":"product","link":"https:\/\/peilishop.com\/de\/produkt\/ade-quadratischer-seidenschal\/","title":{"rendered":"Ade Quadratischer Seidenschal"},"content":{"rendered":"\t\t<div data-elementor-type=\"wp-post\" data-elementor-id=\"279741\" class=\"elementor elementor-279741 elementor-55730\" data-elementor-post-type=\"product\">\n\t\t\t\t\t\t<section class=\"wd-negative-gap elementor-section elementor-top-section elementor-element elementor-element-309ee49 elementor-section-boxed elementor-section-height-default elementor-section-height-default\" data-id=\"309ee49\" data-element_type=\"section\" data-e-type=\"section\">\n\t\t\t\t\t\t<div class=\"elementor-container elementor-column-gap-default\">\n\t\t\t\t\t<div class=\"elementor-column elementor-col-100 elementor-top-column elementor-element elementor-element-27c6e88\" data-id=\"27c6e88\" data-element_type=\"column\" data-e-type=\"column\">\n\t\t\t<div class=\"elementor-widget-wrap elementor-element-populated\">\n\t\t\t\t\t\t<div class=\"elementor-element elementor-element-ffd11f9 color-scheme-inherit text-left elementor-widget elementor-widget-text-editor\" data-id=\"ffd11f9\" data-element_type=\"widget\" data-e-type=\"widget\" data-widget_type=\"text-editor.default\">\n\t\t\t\t<div class=\"elementor-widget-container\">\n\t\t\t\t\t\t\t\t\t<p style=\"text-align: left;\"><span data-preserver-spaces=\"true\">Ade ist aus weicher Bio-Seide gefertigt, so dass Sie es den ganzen Tag lang bequem tragen k\u00f6nnen.  <\/span><span data-preserver-spaces=\"true\">Das Farbblockdesign mit seinen kr\u00e4ftigen und leuchtenden Farben ist ein echter Hingucker und verleiht jedem Outfit einen Hauch von Spa\u00df und Pers\u00f6nlichkeit. Tragen Sie es als Kopftuch, Halstuch oder sogar als Oberteil! <br><\/span><\/p>\n<ul>\n<li style=\"text-align: left;\"><span data-preserver-spaces=\"true\">Material: <\/span><span data-preserver-spaces=\"true\">100%<\/span> Maulbeerseide der G\u00fcteklasse 6A <span data-preserver-spaces=\"true\">(14 momme)<br><\/span><\/li>\n<li style=\"text-align: left;\">Gr\u00f6\u00dfe: 65cm x 65cm (25.6&#8243; x 25.6&#8243;)<\/li>\n<li style=\"text-align: left;\">Quadratische Form<\/li>\n<li style=\"text-align: left;\">Gewicht: 20 Gramm<\/li>\n<li style=\"text-align: left;\">Mit Sorgfalt in Hangzhou hergestellt<\/li>\n<\/ul>\t\t\t\t\t\t\t\t<\/div>\n\t\t\t\t<\/div>\n\t\t\t\t\t<\/div>\n\t\t<\/div>\n\t\t\t\t\t<\/div>\n\t\t<\/section>\n\t\t\t\t<\/div>\n\t\t","protected":false},"excerpt":{"rendered":"<p>Ade ist aus weicher Bio-Seide gefertigt, so dass Sie es den ganzen Tag lang bequem tragen k\u00f6nnen. Das Farbblockdesign mit<\/p>\n","protected":false},"featured_media":257439,"comment_status":"open","ping_status":"closed","template":"","meta":[],"product_brand":[],"product_cat":[1127,1449,1490],"product_tag":[],"class_list":{"0":"post-279741","1":"product","2":"type-product","3":"status-publish","4":"has-post-thumbnail","6":"product_cat-schals-tucher","7":"product_cat-seidenschals","8":"product_cat-seidentucher","9":"product_shipping_class-foldable","10":"product_shipping_class-zusammenklappbar","11":"pa_color-lehm","12":"pa_color-olivgrun","13":"pa_material-seide","14":"pa_pattern-colorblock","16":"first","17":"instock","18":"shipping-taxable","19":"purchasable","20":"product-type-variable"},"_links":{"self":[{"href":"https:\/\/peilishop.com\/de\/wp-json\/wp\/v2\/product\/279741","targetHints":{"allow":["GET"]}}],"collection":[{"href":"https:\/\/peilishop.com\/de\/wp-json\/wp\/v2\/product"}],"about":[{"href":"https:\/\/peilishop.com\/de\/wp-json\/wp\/v2\/types\/product"}],"replies":[{"embeddable":true,"href":"https:\/\/peilishop.com\/de\/wp-json\/wp\/v2\/comments?post=279741"}],"version-history":[{"count":0,"href":"https:\/\/peilishop.com\/de\/wp-json\/wp\/v2\/product\/279741\/revisions"}],"wp:featuredmedia":[{"embeddable":true,"href":"https:\/\/peilishop.com\/de\/wp-json\/wp\/v2\/media\/257439"}],"wp:attachment":[{"href":"https:\/\/peilishop.com\/de\/wp-json\/wp\/v2\/media?parent=279741"}],"wp:term":[{"taxonomy":"product_brand","embeddable":true,"href":"https:\/\/peilishop.com\/de\/wp-json\/wp\/v2\/product_brand?post=279741"},{"taxonomy":"product_cat","embeddable":true,"href":"https:\/\/peilishop.com\/de\/wp-json\/wp\/v2\/product_cat?post=279741"},{"taxonomy":"product_tag","embeddable":true,"href":"https:\/\/peilishop.com\/de\/wp-json\/wp\/v2\/product_tag?post=279741"}],"curies":[{"name":"wp","href":"https:\/\/api.w.org\/{rel}","templated":true}]}}