{"id":279701,"date":"2023-05-14T05:29:00","date_gmt":"2023-05-14T09:29:00","guid":{"rendered":"https:\/\/peilishop.com\/product\/aletta-gestreifter-grosser-quadratischer-seidenschal\/"},"modified":"2025-04-13T22:49:44","modified_gmt":"2025-04-14T02:49:44","slug":"aletta-gestreifter-grosser-quadratischer-seidenschal","status":"publish","type":"product","link":"https:\/\/peilishop.com\/de\/produkt\/aletta-gestreifter-grosser-quadratischer-seidenschal\/","title":{"rendered":"Aletta Gestreifter Gro\u00dfer Quadratischer Seidenschal"},"content":{"rendered":"\t\t<div data-elementor-type=\"wp-post\" data-elementor-id=\"279701\" class=\"elementor elementor-279701 elementor-44395\" data-elementor-post-type=\"product\">\n\t\t\t\t\t\t<section class=\"wd-negative-gap elementor-section elementor-top-section elementor-element elementor-element-309ee49 elementor-section-boxed elementor-section-height-default elementor-section-height-default\" data-id=\"309ee49\" data-element_type=\"section\" data-e-type=\"section\">\n\t\t\t\t\t\t<div class=\"elementor-container elementor-column-gap-default\">\n\t\t\t\t\t<div class=\"elementor-column elementor-col-100 elementor-top-column elementor-element elementor-element-27c6e88\" data-id=\"27c6e88\" data-element_type=\"column\" data-e-type=\"column\">\n\t\t\t<div class=\"elementor-widget-wrap elementor-element-populated\">\n\t\t\t\t\t\t<div class=\"elementor-element elementor-element-ffd11f9 color-scheme-inherit text-left elementor-widget elementor-widget-text-editor\" data-id=\"ffd11f9\" data-element_type=\"widget\" data-e-type=\"widget\" data-widget_type=\"text-editor.default\">\n\t\t\t\t<div class=\"elementor-widget-container\">\n\t\t\t\t\t\t\t\t\t<p style=\"text-align: left;\"><span data-preserver-spaces=\"true\">Dieser gestreifte gro\u00dfe quadratische Seidenschal von Aletta ist das perfekte Accessoire f\u00fcr jedes Outfit. Er ist leicht und verf\u00fcgt \u00fcber   <\/span><span data-preserver-spaces=\"true\">ein gestreiftes Muster, um einen superbequemen Schal f\u00fcr jeden Tag zu kreieren. Die Kanten sind mit einem handgerollten Saum versehen, der f\u00fcr ein luxuri\u00f6ses Finish sorgt. Egal, ob Sie sich f\u00fcr einen besonderen Anlass herausputzen oder Ihrem Alltagslook einen Hauch von Raffinesse verleihen m\u00f6chten, dieser Schal ist die perfekte Wahl.  <br><\/span><\/p><ul><li style=\"text-align: left;\"><span data-preserver-spaces=\"true\">Material: <\/span><span data-preserver-spaces=\"true\">100%<\/span> Maulbeerseide der G\u00fcteklasse 6A <span data-preserver-spaces=\"true\">(9 momme)<br><\/span><\/li><li style=\"text-align: left;\">Gr\u00f6\u00dfe: 108cm x 108cm (42,5&#8243; x 42,5&#8243;)<\/li><li style=\"text-align: left;\">Gewicht: 40 Gramm<\/li><li style=\"text-align: left;\">Mit Sorgfalt in Hangzhou hergestellt<\/li><\/ul>\t\t\t\t\t\t\t\t<\/div>\n\t\t\t\t<\/div>\n\t\t\t\t\t<\/div>\n\t\t<\/div>\n\t\t\t\t\t<\/div>\n\t\t<\/section>\n\t\t\t\t<\/div>\n\t\t","protected":false},"excerpt":{"rendered":"<p>Dieser gestreifte gro\u00dfe quadratische Seidenschal von Aletta ist das perfekte Accessoire f\u00fcr jedes Outfit. Er ist leicht und verf\u00fcgt \u00fcber<\/p>\n","protected":false},"featured_media":256439,"comment_status":"open","ping_status":"closed","template":"","meta":[],"product_brand":[],"product_cat":[1127,1449],"product_tag":[1417],"class_list":{"0":"post-279701","1":"product","2":"type-product","3":"status-publish","4":"has-post-thumbnail","6":"product_cat-schals-tucher","7":"product_cat-seidenschals","8":"product_tag-gestreift","9":"product_shipping_class-foldable","10":"product_shipping_class-zusammenklappbar","11":"pa_color-dunkelbraun","12":"pa_color-perlweis-lila","13":"pa_material-seide","14":"pa_pattern-striped","16":"first","17":"instock","18":"shipping-taxable","19":"purchasable","20":"product-type-variable"},"_links":{"self":[{"href":"https:\/\/peilishop.com\/de\/wp-json\/wp\/v2\/product\/279701","targetHints":{"allow":["GET"]}}],"collection":[{"href":"https:\/\/peilishop.com\/de\/wp-json\/wp\/v2\/product"}],"about":[{"href":"https:\/\/peilishop.com\/de\/wp-json\/wp\/v2\/types\/product"}],"replies":[{"embeddable":true,"href":"https:\/\/peilishop.com\/de\/wp-json\/wp\/v2\/comments?post=279701"}],"version-history":[{"count":0,"href":"https:\/\/peilishop.com\/de\/wp-json\/wp\/v2\/product\/279701\/revisions"}],"wp:featuredmedia":[{"embeddable":true,"href":"https:\/\/peilishop.com\/de\/wp-json\/wp\/v2\/media\/256439"}],"wp:attachment":[{"href":"https:\/\/peilishop.com\/de\/wp-json\/wp\/v2\/media?parent=279701"}],"wp:term":[{"taxonomy":"product_brand","embeddable":true,"href":"https:\/\/peilishop.com\/de\/wp-json\/wp\/v2\/product_brand?post=279701"},{"taxonomy":"product_cat","embeddable":true,"href":"https:\/\/peilishop.com\/de\/wp-json\/wp\/v2\/product_cat?post=279701"},{"taxonomy":"product_tag","embeddable":true,"href":"https:\/\/peilishop.com\/de\/wp-json\/wp\/v2\/product_tag?post=279701"}],"curies":[{"name":"wp","href":"https:\/\/api.w.org\/{rel}","templated":true}]}}