{"id":279687,"date":"2023-05-14T09:50:00","date_gmt":"2023-05-14T13:50:00","guid":{"rendered":"https:\/\/peilishop.com\/product\/fale-grosser-quadratischer-seidenschal-wrap\/"},"modified":"2025-04-13T22:49:43","modified_gmt":"2025-04-14T02:49:43","slug":"fale-grosser-quadratischer-seidenschal-wrap","status":"publish","type":"product","link":"https:\/\/peilishop.com\/de\/produkt\/fale-grosser-quadratischer-seidenschal-wrap\/","title":{"rendered":"Fale Gro\u00dfer Quadratischer Seidenschal Wrap"},"content":{"rendered":"\t\t<div data-elementor-type=\"wp-post\" data-elementor-id=\"279687\" class=\"elementor elementor-279687\" data-elementor-post-type=\"product\">\n\t\t\t\t\t\t<section class=\"wd-negative-gap elementor-section elementor-top-section elementor-element elementor-element-309ee49 elementor-section-boxed elementor-section-height-default elementor-section-height-default\" data-id=\"309ee49\" data-element_type=\"section\" data-e-type=\"section\">\n\t\t\t\t\t\t<div class=\"elementor-container elementor-column-gap-default\">\n\t\t\t\t\t<div class=\"elementor-column elementor-col-100 elementor-top-column elementor-element elementor-element-27c6e88\" data-id=\"27c6e88\" data-element_type=\"column\" data-e-type=\"column\">\n\t\t\t<div class=\"elementor-widget-wrap elementor-element-populated\">\n\t\t\t\t\t\t<div class=\"elementor-element elementor-element-ffd11f9 color-scheme-inherit text-left elementor-widget elementor-widget-text-editor\" data-id=\"ffd11f9\" data-element_type=\"widget\" data-e-type=\"widget\" data-widget_type=\"text-editor.default\">\n\t\t\t\t<div class=\"elementor-widget-container\">\n\t\t\t\t\t\t\t\t\t<p style=\"text-align: left;\"><span data-preserver-spaces=\"true\">  Fale ist das perfekte Accessoire f\u00fcr jedes Outfit. Die gro\u00dfe quadratische Form erm\u00f6glicht vielseitige Styling-Optionen, w\u00e4hrend der sch\u00f6ne Tie-Dye-Print jedem Outfit einen Farbklecks und einen Hauch von Boh\u00e8me-Stil verleiht, was sie perfekt f\u00fcr jede Gelegenheit macht <\/span><span data-preserver-spaces=\"true\">. <\/span>Eine schmeichelhafte Art, einem Fr\u00fchlings- oder Sommerlook eine verspielte Note zu verleihen.  <\/p><ul><li style=\"text-align: left;\"><span data-preserver-spaces=\"true\">Material: <\/span><span data-preserver-spaces=\"true\">100%<\/span> Maulbeerseide der G\u00fcteklasse 6A <span data-preserver-spaces=\"true\">(8 momme)<br><\/span><\/li><li style=\"text-align: left;\">Gr\u00f6\u00dfe: 110cm x 110cm (43&#8243; x 43&#8243;)<\/li><li style=\"text-align: left;\">Quadratische Form<\/li><li style=\"text-align: left;\">Gewicht: 70 Gramm<\/li><li>Mit Sorgfalt in Hangzhou hergestellt<\/li><\/ul>\t\t\t\t\t\t\t\t<\/div>\n\t\t\t\t<\/div>\n\t\t\t\t\t<\/div>\n\t\t<\/div>\n\t\t\t\t\t<\/div>\n\t\t<\/section>\n\t\t\t\t<\/div>\n\t\t","protected":false},"excerpt":{"rendered":"<p>Fale ist das perfekte Accessoire f\u00fcr jedes Outfit. Die gro\u00dfe quadratische Form erm\u00f6glicht vielseitige Styling-Optionen, w\u00e4hrend der sch\u00f6ne Tie-Dye-Print jedem<\/p>\n","protected":false},"featured_media":0,"comment_status":"open","ping_status":"closed","template":"","meta":[],"product_brand":[],"product_cat":[1127,1449,1490],"product_tag":[],"class_list":{"0":"post-279687","1":"product","2":"type-product","3":"status-publish","5":"product_cat-schals-tucher","6":"product_cat-seidenschals","7":"product_cat-seidentucher","8":"product_shipping_class-foldable","9":"product_shipping_class-zusammenklappbar","10":"pa_color-denim-blau","11":"pa_material-seide","12":"pa_pattern-abstract","13":"pa_pattern-colorblend","14":"pa_pattern-playful","16":"first","17":"instock","18":"shipping-taxable","19":"purchasable","20":"product-type-simple"},"_links":{"self":[{"href":"https:\/\/peilishop.com\/de\/wp-json\/wp\/v2\/product\/279687","targetHints":{"allow":["GET"]}}],"collection":[{"href":"https:\/\/peilishop.com\/de\/wp-json\/wp\/v2\/product"}],"about":[{"href":"https:\/\/peilishop.com\/de\/wp-json\/wp\/v2\/types\/product"}],"replies":[{"embeddable":true,"href":"https:\/\/peilishop.com\/de\/wp-json\/wp\/v2\/comments?post=279687"}],"version-history":[{"count":0,"href":"https:\/\/peilishop.com\/de\/wp-json\/wp\/v2\/product\/279687\/revisions"}],"wp:attachment":[{"href":"https:\/\/peilishop.com\/de\/wp-json\/wp\/v2\/media?parent=279687"}],"wp:term":[{"taxonomy":"product_brand","embeddable":true,"href":"https:\/\/peilishop.com\/de\/wp-json\/wp\/v2\/product_brand?post=279687"},{"taxonomy":"product_cat","embeddable":true,"href":"https:\/\/peilishop.com\/de\/wp-json\/wp\/v2\/product_cat?post=279687"},{"taxonomy":"product_tag","embeddable":true,"href":"https:\/\/peilishop.com\/de\/wp-json\/wp\/v2\/product_tag?post=279687"}],"curies":[{"name":"wp","href":"https:\/\/api.w.org\/{rel}","templated":true}]}}