{"id":279453,"date":"2022-09-29T23:53:00","date_gmt":"2022-09-30T03:53:00","guid":{"rendered":"https:\/\/peilishop.com\/product\/aala-schal-aus-reinem-kaschmir-mit-quasten\/"},"modified":"2026-05-01T07:44:52","modified_gmt":"2026-05-01T11:44:52","slug":"aala-schal-aus-reinem-kaschmir-mit-quasten","status":"publish","type":"product","link":"https:\/\/peilishop.com\/de\/produkt\/aala-schal-aus-reinem-kaschmir-mit-quasten\/","title":{"rendered":"Aala Schal aus reinem Kaschmir mit Quasten"},"content":{"rendered":"\t\t<div data-elementor-type=\"wp-post\" data-elementor-id=\"279453\" class=\"elementor elementor-279453 elementor-30430\" data-elementor-post-type=\"product\">\n\t\t\t\t\t\t<section class=\"wd-negative-gap elementor-section elementor-top-section elementor-element elementor-element-309ee49 elementor-section-boxed elementor-section-height-default elementor-section-height-default\" data-id=\"309ee49\" data-element_type=\"section\" data-e-type=\"section\">\n\t\t\t\t\t\t<div class=\"elementor-container elementor-column-gap-default\">\n\t\t\t\t\t<div class=\"elementor-column elementor-col-100 elementor-top-column elementor-element elementor-element-27c6e88\" data-id=\"27c6e88\" data-element_type=\"column\" data-e-type=\"column\">\n\t\t\t<div class=\"elementor-widget-wrap elementor-element-populated\">\n\t\t\t\t\t\t<div class=\"elementor-element elementor-element-ffd11f9 color-scheme-inherit text-left elementor-widget elementor-widget-text-editor\" data-id=\"ffd11f9\" data-element_type=\"widget\" data-e-type=\"widget\" data-widget_type=\"text-editor.default\">\n\t\t\t\t<div class=\"elementor-widget-container\">\n\t\t\t\t\t\t\t\t\t<p style=\"text-align: left;\"><span data-preserver-spaces=\"true\">R\u00fcsten Sie sich f\u00fcr sinkende Temperaturen mit Aala. Hergestellt aus   <\/span><span data-preserver-spaces=\"true\">Dieser Schal <span data-preserver-spaces=\"true\">aus 100% mongolischem Kaschmir der G\u00fcteklasse A<\/span> <\/span>ist in 24 Farbnuancen erh\u00e4ltlich und zeichnet sich durch \u00fcbertriebene Fransen aus. Wickeln Sie ihn um den Hals<span data-preserver-spaces=\"true\"> und werten Sie Ihr Accessoire in dieser Saison auf.<\/span> <\/p>\n<ul>\n<li><span data-preserver-spaces=\"true\">Material: <\/span><span data-preserver-spaces=\"true\">100% Mongolisches Kaschmir der G\u00fcteklasse A <\/span> <\/li>\n<li>Nat\u00fcrlich gef\u00e4rbt, keine sch\u00e4dlichen Chemikalien<\/li>\n<li><span data-preserver-spaces=\"true\">Gr\u00f6\u00dfe: <\/span><span data-preserver-spaces=\"true\"><span data-preserver-spaces=\"true\"><span data-preserver-spaces=\"true\"><span data-preserver-spaces=\"true\">180cm x 30cm\/ 70.87\u2033 x 11.81\u2033<\/span><\/span><\/span><\/span><\/li>\n<li><span data-preserver-spaces=\"true\"><span data-preserver-spaces=\"true\"><span data-preserver-spaces=\"true\"><span data-preserver-spaces=\"true\">Leichtgewicht: 110 Gramm<\/span><\/span><\/span><\/span><\/li>\n<li><span data-preserver-spaces=\"true\"><span data-preserver-spaces=\"true\"><span data-preserver-spaces=\"true\"><span data-preserver-spaces=\"true\"><span data-preserver-spaces=\"true\">Mit Sorgfalt in der inneren Mongolei hergestellt<\/span><\/span><\/span><\/span><\/span><\/li>\n<\/ul>\t\t\t\t\t\t\t\t<\/div>\n\t\t\t\t<\/div>\n\t\t\t\t\t<\/div>\n\t\t<\/div>\n\t\t\t\t\t<\/div>\n\t\t<\/section>\n\t\t\t\t<\/div>\n\t\t","protected":false},"excerpt":{"rendered":"<p>R\u00fcsten Sie sich f\u00fcr sinkende Temperaturen mit Aala. Hergestellt aus Dieser Schal aus 100% mongolischem Kaschmir der G\u00fcteklasse A ist<\/p>\n","protected":false},"featured_media":63447,"comment_status":"open","ping_status":"closed","template":"","meta":[],"product_brand":[],"product_cat":[1746],"product_tag":[1232,1130],"class_list":{"0":"post-279453","1":"product","2":"type-product","3":"status-publish","4":"has-post-thumbnail","6":"product_cat-klassische-kaschmirschals","7":"product_tag-einfach","8":"product_tag-fransen","9":"product_shipping_class-foldable","10":"pa_color-beige-de","11":"pa_color-braun","12":"pa_color-burgunderrot","13":"pa_color-dunkelblau","14":"pa_color-elfenbeinweis","15":"pa_color-gebrannte-orange","16":"pa_color-gelb-rosa","17":"pa_color-grau","18":"pa_color-hellgrau","19":"pa_color-kakaobraun","20":"pa_color-kamel","21":"pa_color-khaki-de","22":"pa_color-kirschblute","23":"pa_color-korallenrosa","24":"pa_color-kornblumenblau","25":"pa_color-lehm","26":"pa_color-lorbeergrun","27":"pa_color-luftwaffe-blau","28":"pa_color-mintgrun","29":"pa_color-nackt","30":"pa_color-rosa-de","31":"pa_color-rostrot","32":"pa_color-rot","33":"pa_color-schwarz","34":"pa_color-silber-rosa","35":"pa_color-turkisblau","36":"pa_color-weis","37":"pa_material-kaschmir","38":"pa_pattern-fringe","39":"pa_pattern-plain","41":"first","42":"instock","43":"featured","44":"shipping-taxable","45":"purchasable","46":"product-type-variable"},"_links":{"self":[{"href":"https:\/\/peilishop.com\/de\/wp-json\/wp\/v2\/product\/279453","targetHints":{"allow":["GET"]}}],"collection":[{"href":"https:\/\/peilishop.com\/de\/wp-json\/wp\/v2\/product"}],"about":[{"href":"https:\/\/peilishop.com\/de\/wp-json\/wp\/v2\/types\/product"}],"replies":[{"embeddable":true,"href":"https:\/\/peilishop.com\/de\/wp-json\/wp\/v2\/comments?post=279453"}],"version-history":[{"count":0,"href":"https:\/\/peilishop.com\/de\/wp-json\/wp\/v2\/product\/279453\/revisions"}],"wp:featuredmedia":[{"embeddable":true,"href":"https:\/\/peilishop.com\/de\/wp-json\/wp\/v2\/media\/63447"}],"wp:attachment":[{"href":"https:\/\/peilishop.com\/de\/wp-json\/wp\/v2\/media?parent=279453"}],"wp:term":[{"taxonomy":"product_brand","embeddable":true,"href":"https:\/\/peilishop.com\/de\/wp-json\/wp\/v2\/product_brand?post=279453"},{"taxonomy":"product_cat","embeddable":true,"href":"https:\/\/peilishop.com\/de\/wp-json\/wp\/v2\/product_cat?post=279453"},{"taxonomy":"product_tag","embeddable":true,"href":"https:\/\/peilishop.com\/de\/wp-json\/wp\/v2\/product_tag?post=279453"}],"curies":[{"name":"wp","href":"https:\/\/api.w.org\/{rel}","templated":true}]}}