{"id":279413,"date":"2022-09-24T09:41:00","date_gmt":"2022-09-24T13:41:00","guid":{"rendered":"https:\/\/peilishop.com\/product\/deva-wendbarer-kaschmirschal-laurel-gruen\/"},"modified":"2025-04-13T22:48:21","modified_gmt":"2025-04-14T02:48:21","slug":"deva-wendbarer-kaschmirschal-laurel-gruen","status":"publish","type":"product","link":"https:\/\/peilishop.com\/de\/produkt\/deva-wendbarer-kaschmirschal-laurel-gruen\/","title":{"rendered":"Deva Wendbarer Kaschmirschal &#8211; Laurel Gr\u00fcn"},"content":{"rendered":"\t\t<div data-elementor-type=\"wp-post\" data-elementor-id=\"279413\" class=\"elementor elementor-279413 elementor-47306\" data-elementor-post-type=\"product\">\n\t\t\t\t\t\t<section class=\"wd-negative-gap elementor-section elementor-top-section elementor-element elementor-element-309ee49 elementor-section-boxed elementor-section-height-default elementor-section-height-default\" data-id=\"309ee49\" data-element_type=\"section\" data-e-type=\"section\">\n\t\t\t\t\t\t<div class=\"elementor-container elementor-column-gap-default\">\n\t\t\t\t\t<div class=\"elementor-column elementor-col-100 elementor-top-column elementor-element elementor-element-27c6e88\" data-id=\"27c6e88\" data-element_type=\"column\" data-e-type=\"column\">\n\t\t\t<div class=\"elementor-widget-wrap elementor-element-populated\">\n\t\t\t\t\t\t<div class=\"elementor-element elementor-element-ffd11f9 color-scheme-inherit text-left elementor-widget elementor-widget-text-editor\" data-id=\"ffd11f9\" data-element_type=\"widget\" data-e-type=\"widget\" data-widget_type=\"text-editor.default\">\n\t\t\t\t<div class=\"elementor-widget-container\">\n\t\t\t\t\t\t\t\t\t<p>Jeder Schal ist aus luxuri\u00f6sem Kaschmir gefertigt und hat zwei atemberaubende Farbnuancen, so dass Sie mehr M\u00f6glichkeiten haben, Ihre Outfits zu koordinieren. Die h\u00fcbschen Fransen an den Enden verleihen ihm genau die richtige Portion verspielten Charme und Spa\u00df. Egal zu welchem Anlass, Deva ist das ultimative Accessoire f\u00fcr Ihren Look.  <\/p><ul><li><span data-preserver-spaces=\"true\">Material: <\/span><span data-preserver-spaces=\"true\">100% Mongolisches Kaschmir der G\u00fcteklasse A <\/span> <\/li><li>Nat\u00fcrlich gef\u00e4rbt, keine sch\u00e4dlichen Chemikalien<\/li><li><span data-preserver-spaces=\"true\">Gr\u00f6\u00dfe: <\/span><span data-preserver-spaces=\"true\">180cm (164cm+2x8cm Quaste) x 30cm \/ 70.87\u2033 (64.5\u2033+ 2\u00d73.15\u2033 Quaste) x 11.8\u2033<\/span><\/li><li><span data-preserver-spaces=\"true\">Leichtgewicht: 133 Gramm<\/span><\/li><li><span data-preserver-spaces=\"true\">Mit Sorgfalt in der inneren Mongolei hergestellt<\/span><\/li><\/ul>\t\t\t\t\t\t\t\t<\/div>\n\t\t\t\t<\/div>\n\t\t\t\t\t<\/div>\n\t\t<\/div>\n\t\t\t\t\t<\/div>\n\t\t<\/section>\n\t\t\t\t<\/div>\n\t\t","protected":false},"excerpt":{"rendered":"<p>Jeder Schal ist aus luxuri\u00f6sem Kaschmir gefertigt und hat zwei atemberaubende Farbnuancen, so dass Sie mehr M\u00f6glichkeiten haben, Ihre Outfits<\/p>\n","protected":false},"featured_media":63576,"comment_status":"open","ping_status":"closed","template":"","meta":[],"product_brand":[],"product_cat":[1746],"product_tag":[],"class_list":{"0":"post-279413","1":"product","2":"type-product","3":"status-publish","4":"has-post-thumbnail","6":"product_cat-klassische-kaschmirschals","7":"product_shipping_class-foldable","8":"pa_color-lorbeergrun","9":"pa_material-kaschmir","10":"pa_pattern-fringe","11":"pa_pattern-plain","13":"first","14":"instock","15":"shipping-taxable","16":"purchasable","17":"product-type-simple"},"_links":{"self":[{"href":"https:\/\/peilishop.com\/de\/wp-json\/wp\/v2\/product\/279413","targetHints":{"allow":["GET"]}}],"collection":[{"href":"https:\/\/peilishop.com\/de\/wp-json\/wp\/v2\/product"}],"about":[{"href":"https:\/\/peilishop.com\/de\/wp-json\/wp\/v2\/types\/product"}],"replies":[{"embeddable":true,"href":"https:\/\/peilishop.com\/de\/wp-json\/wp\/v2\/comments?post=279413"}],"version-history":[{"count":0,"href":"https:\/\/peilishop.com\/de\/wp-json\/wp\/v2\/product\/279413\/revisions"}],"wp:featuredmedia":[{"embeddable":true,"href":"https:\/\/peilishop.com\/de\/wp-json\/wp\/v2\/media\/63576"}],"wp:attachment":[{"href":"https:\/\/peilishop.com\/de\/wp-json\/wp\/v2\/media?parent=279413"}],"wp:term":[{"taxonomy":"product_brand","embeddable":true,"href":"https:\/\/peilishop.com\/de\/wp-json\/wp\/v2\/product_brand?post=279413"},{"taxonomy":"product_cat","embeddable":true,"href":"https:\/\/peilishop.com\/de\/wp-json\/wp\/v2\/product_cat?post=279413"},{"taxonomy":"product_tag","embeddable":true,"href":"https:\/\/peilishop.com\/de\/wp-json\/wp\/v2\/product_tag?post=279413"}],"curies":[{"name":"wp","href":"https:\/\/api.w.org\/{rel}","templated":true}]}}