{"id":279333,"date":"2022-05-16T05:12:00","date_gmt":"2022-05-16T09:12:00","guid":{"rendered":"https:\/\/peilishop.com\/product\/nita-wasserfester-zusammenklappbarer-strohhut\/"},"modified":"2025-04-13T22:47:49","modified_gmt":"2025-04-14T02:47:49","slug":"nita-wasserfester-zusammenklappbarer-strohhut","status":"publish","type":"product","link":"https:\/\/peilishop.com\/de\/produkt\/nita-wasserfester-zusammenklappbarer-strohhut\/","title":{"rendered":"Nita Wasserfester, zusammenklappbarer Strohhut"},"content":{"rendered":"\t\t<div data-elementor-type=\"product-post\" data-elementor-id=\"279333\" class=\"elementor elementor-279333 elementor-43668\" data-elementor-post-type=\"product\">\n\t\t\t\t\t\t<section class=\"wd-negative-gap elementor-section elementor-top-section elementor-element elementor-element-1aabbdd4 elementor-section-boxed elementor-section-height-default elementor-section-height-default\" data-id=\"1aabbdd4\" data-element_type=\"section\" data-e-type=\"section\">\n\t\t\t\t\t\t<div class=\"elementor-container elementor-column-gap-default\">\n\t\t\t\t\t<div class=\"elementor-column elementor-col-100 elementor-top-column elementor-element elementor-element-2f52d809\" data-id=\"2f52d809\" data-element_type=\"column\" data-e-type=\"column\">\n\t\t\t<div class=\"elementor-widget-wrap elementor-element-populated\">\n\t\t\t\t\t\t<div class=\"elementor-element elementor-element-7ac058aa color-scheme-inherit text-left elementor-widget elementor-widget-text-editor\" data-id=\"7ac058aa\" data-element_type=\"widget\" data-e-type=\"widget\" data-widget_type=\"text-editor.default\">\n\t\t\t\t<div class=\"elementor-widget-container\">\n\t\t\t\t\t\t\t\t\t<p style=\"text-align: left;\">Der aus Toyo-Stroh und Baumwolle gefertigte Kamila verf\u00fcgt \u00fcber eine 10 cm hohe Krone und eine 12 cm breite Krempe f\u00fcr zus\u00e4tzlichen Sonnenschutz. Er wurde speziell zum Zusammenklappen und Falten entworfen, damit Sie ihn leicht transportieren k\u00f6nnen. Er ist mit einem Nackenband ausgestattet, mit dem Sie den Hut bei einer Brise festhalten k\u00f6nnen.  <\/p><ul><li style=\"text-align: left;\">Material: Wasserabweisendes Toyo-Stroh, Baumwolle<\/li><li style=\"text-align: left;\">Verj\u00fcngte Krone<\/li><li style=\"text-align: left;\">Halskrawatten<\/li><li style=\"text-align: left;\">12cm Krempe<\/li><\/ul>\t\t\t\t\t\t\t\t<\/div>\n\t\t\t\t<\/div>\n\t\t\t\t\t<\/div>\n\t\t<\/div>\n\t\t\t\t\t<\/div>\n\t\t<\/section>\n\t\t\t\t<\/div>\n\t\t","protected":false},"excerpt":{"rendered":"<p>Der aus Toyo-Stroh und Baumwolle gefertigte Kamila verf\u00fcgt \u00fcber eine 10 cm hohe Krone und eine 12 cm breite Krempe<\/p>\n","protected":false},"featured_media":43677,"comment_status":"open","ping_status":"closed","template":"","meta":[],"product_brand":[],"product_cat":[1635,1633,1606,1636,1637],"product_tag":[],"class_list":{"0":"post-279333","1":"product","2":"type-product","3":"status-publish","4":"has-post-thumbnail","6":"product_cat-breite-krempe","7":"product_cat-cloche-hute","8":"product_cat-hute","9":"product_cat-rollbar-verpackbar","10":"product_cat-strohhute","11":"product_shipping_class-korbtasche-groser-hut","12":"pa_color-gelb","13":"pa_color-grau","14":"pa_color-jagergrun","15":"pa_color-olivgrun","16":"pa_color-rot-rosa","17":"pa_color-schwarz","18":"pa_color-senfgelb","19":"pa_material-toyo-stroh","20":"pa_pattern-abstract","21":"pa_pattern-boho","22":"pa_pattern-exotic","24":"first","25":"instock","26":"featured","27":"shipping-taxable","28":"purchasable","29":"product-type-variable"},"_links":{"self":[{"href":"https:\/\/peilishop.com\/de\/wp-json\/wp\/v2\/product\/279333","targetHints":{"allow":["GET"]}}],"collection":[{"href":"https:\/\/peilishop.com\/de\/wp-json\/wp\/v2\/product"}],"about":[{"href":"https:\/\/peilishop.com\/de\/wp-json\/wp\/v2\/types\/product"}],"replies":[{"embeddable":true,"href":"https:\/\/peilishop.com\/de\/wp-json\/wp\/v2\/comments?post=279333"}],"version-history":[{"count":0,"href":"https:\/\/peilishop.com\/de\/wp-json\/wp\/v2\/product\/279333\/revisions"}],"wp:featuredmedia":[{"embeddable":true,"href":"https:\/\/peilishop.com\/de\/wp-json\/wp\/v2\/media\/43677"}],"wp:attachment":[{"href":"https:\/\/peilishop.com\/de\/wp-json\/wp\/v2\/media?parent=279333"}],"wp:term":[{"taxonomy":"product_brand","embeddable":true,"href":"https:\/\/peilishop.com\/de\/wp-json\/wp\/v2\/product_brand?post=279333"},{"taxonomy":"product_cat","embeddable":true,"href":"https:\/\/peilishop.com\/de\/wp-json\/wp\/v2\/product_cat?post=279333"},{"taxonomy":"product_tag","embeddable":true,"href":"https:\/\/peilishop.com\/de\/wp-json\/wp\/v2\/product_tag?post=279333"}],"curies":[{"name":"wp","href":"https:\/\/api.w.org\/{rel}","templated":true}]}}