{"id":279299,"date":"2023-06-03T06:23:00","date_gmt":"2023-06-03T10:23:00","guid":{"rendered":"https:\/\/peilishop.com\/product\/bala-karierter-federleichter-kaschmirschal-wrap\/"},"modified":"2025-04-13T22:40:55","modified_gmt":"2025-04-14T02:40:55","slug":"bala-karierter-federleichter-kaschmirschal-wrap","status":"publish","type":"product","link":"https:\/\/peilishop.com\/de\/produkt\/bala-karierter-federleichter-kaschmirschal-wrap\/","title":{"rendered":"Bala Karierter federleichter Kaschmirschal Wrap"},"content":{"rendered":"\t\t<div data-elementor-type=\"wp-post\" data-elementor-id=\"279299\" class=\"elementor elementor-279299 elementor-38176\" data-elementor-post-type=\"product\">\n\t\t\t\t\t\t<section class=\"wd-negative-gap elementor-section elementor-top-section elementor-element elementor-element-309ee49 elementor-section-boxed elementor-section-height-default elementor-section-height-default\" data-id=\"309ee49\" data-element_type=\"section\" data-e-type=\"section\">\n\t\t\t\t\t\t<div class=\"elementor-container elementor-column-gap-default\">\n\t\t\t\t\t<div class=\"elementor-column elementor-col-100 elementor-top-column elementor-element elementor-element-27c6e88\" data-id=\"27c6e88\" data-element_type=\"column\" data-e-type=\"column\">\n\t\t\t<div class=\"elementor-widget-wrap elementor-element-populated\">\n\t\t\t\t\t\t<div class=\"elementor-element elementor-element-ffd11f9 color-scheme-inherit text-left elementor-widget elementor-widget-text-editor\" data-id=\"ffd11f9\" data-element_type=\"widget\" data-e-type=\"widget\" data-widget_type=\"text-editor.default\">\n\t\t\t\t<div class=\"elementor-widget-container\">\n\t\t\t\t\t\t\t\t\t<p style=\"text-align: left;\"><span data-preserver-spaces=\"true\">  Bala ist die perfekte M\u00f6glichkeit, Ihrer Garderobe einen Hauch von luxuri\u00f6sem Komfort und Stil zu verleihen. Dieses kunstvoll gewebte Tuch aus butterweichem, reinem mongolischem Kaschmir zeigt ein klassisches Karomuster mit Fransen an den R\u00e4ndern, was ihm ein modernes und schickes Aussehen verleiht, perfekt f\u00fcr legere und formelle Anl\u00e4sse. <\/span>  Wickeln Sie es um Ihren Hals, Ihre Schultern oder unter Ihren Mantel, um unvergleichliche W\u00e4rme zu erhalten.<\/p><ul><li><span data-preserver-spaces=\"true\">Material: <\/span><span data-preserver-spaces=\"true\">100% Mongolisches Kaschmir der G\u00fcteklasse A <\/span> <\/li><li>Nat\u00fcrlich gef\u00e4rbt, keine sch\u00e4dlichen Chemikalien<\/li><li><span data-preserver-spaces=\"true\">  Komfort: Himmlisch weich und atmungsaktiv, kein Jucken oder \u00dcberhitzen.<\/span><\/li><li>Gr\u00f6\u00dfe: <span data-preserver-spaces=\"true\">200cm x 90cm\/ 78.74\u2033 x 35.43\u2033<br><\/span><\/li><li><span data-preserver-spaces=\"true\">Federleicht: 85 Gramm<\/span><\/li><li><span data-preserver-spaces=\"true\">Mit Sorgfalt in der inneren Mongolei hergestellt<\/span><\/li><\/ul>\t\t\t\t\t\t\t\t<\/div>\n\t\t\t\t<\/div>\n\t\t\t\t\t<\/div>\n\t\t<\/div>\n\t\t\t\t\t<\/div>\n\t\t<\/section>\n\t\t\t\t<\/div>\n\t\t","protected":false},"excerpt":{"rendered":"<p>Bala ist die perfekte M\u00f6glichkeit, Ihrer Garderobe einen Hauch von luxuri\u00f6sem Komfort und Stil zu verleihen. Dieses kunstvoll gewebte Tuch<\/p>\n","protected":false},"featured_media":266175,"comment_status":"open","ping_status":"closed","template":"","meta":[],"product_brand":[],"product_cat":[1127,1614],"product_tag":[1731],"class_list":{"0":"post-279299","1":"product","2":"type-product","3":"status-publish","4":"has-post-thumbnail","6":"product_cat-schals-tucher","7":"product_cat-federleichte-kaschmirschals","8":"product_tag-lightweight-scarves","9":"product_shipping_class-foldable","10":"pa_color-orange-de","11":"pa_material-kaschmir","12":"pa_pattern-checked","14":"first","15":"instock","16":"shipping-taxable","17":"purchasable","18":"product-type-simple"},"_links":{"self":[{"href":"https:\/\/peilishop.com\/de\/wp-json\/wp\/v2\/product\/279299","targetHints":{"allow":["GET"]}}],"collection":[{"href":"https:\/\/peilishop.com\/de\/wp-json\/wp\/v2\/product"}],"about":[{"href":"https:\/\/peilishop.com\/de\/wp-json\/wp\/v2\/types\/product"}],"replies":[{"embeddable":true,"href":"https:\/\/peilishop.com\/de\/wp-json\/wp\/v2\/comments?post=279299"}],"version-history":[{"count":0,"href":"https:\/\/peilishop.com\/de\/wp-json\/wp\/v2\/product\/279299\/revisions"}],"wp:featuredmedia":[{"embeddable":true,"href":"https:\/\/peilishop.com\/de\/wp-json\/wp\/v2\/media\/266175"}],"wp:attachment":[{"href":"https:\/\/peilishop.com\/de\/wp-json\/wp\/v2\/media?parent=279299"}],"wp:term":[{"taxonomy":"product_brand","embeddable":true,"href":"https:\/\/peilishop.com\/de\/wp-json\/wp\/v2\/product_brand?post=279299"},{"taxonomy":"product_cat","embeddable":true,"href":"https:\/\/peilishop.com\/de\/wp-json\/wp\/v2\/product_cat?post=279299"},{"taxonomy":"product_tag","embeddable":true,"href":"https:\/\/peilishop.com\/de\/wp-json\/wp\/v2\/product_tag?post=279299"}],"curies":[{"name":"wp","href":"https:\/\/api.w.org\/{rel}","templated":true}]}}