{"id":279234,"date":"2023-09-22T03:12:00","date_gmt":"2023-09-22T07:12:00","guid":{"rendered":"https:\/\/peilishop.com\/product\/helena-federleichter-kaschmirschal-wrap\/"},"modified":"2026-05-07T09:59:11","modified_gmt":"2026-05-07T13:59:11","slug":"helena-federleichter-kaschmirschal-wrap","status":"publish","type":"product","link":"https:\/\/peilishop.com\/de\/produkt\/helena-federleichter-kaschmirschal-wrap\/","title":{"rendered":"Helena Federleichter Kaschmirschal Wrap"},"content":{"rendered":"\t\t<div data-elementor-type=\"wp-post\" data-elementor-id=\"279234\" class=\"elementor elementor-279234 elementor-35692\" data-elementor-post-type=\"product\">\n\t\t\t\t\t\t<section class=\"wd-negative-gap elementor-section elementor-top-section elementor-element elementor-element-309ee49 elementor-section-boxed elementor-section-height-default elementor-section-height-default\" data-id=\"309ee49\" data-element_type=\"section\" data-e-type=\"section\">\n\t\t\t\t\t\t<div class=\"elementor-container elementor-column-gap-default\">\n\t\t\t\t\t<div class=\"elementor-column elementor-col-100 elementor-top-column elementor-element elementor-element-27c6e88\" data-id=\"27c6e88\" data-element_type=\"column\" data-e-type=\"column\">\n\t\t\t<div class=\"elementor-widget-wrap elementor-element-populated\">\n\t\t\t\t\t\t<div class=\"elementor-element elementor-element-ffd11f9 color-scheme-inherit text-left elementor-widget elementor-widget-text-editor\" data-id=\"ffd11f9\" data-element_type=\"widget\" data-e-type=\"widget\" data-widget_type=\"text-editor.default\">\n\t\t\t\t<div class=\"elementor-widget-container\">\n\t\t\t\t\t\t\t\t\t<p>Werten Sie Ihr Outfit mit dem luxuri\u00f6sen Alena federleichten Kaschmirschal Wrap auf. Mit seinem einzigartigen Karomuster und den gestreiften Einfassungen und ausgefransten Bes\u00e4tzen ist dieser Schal der Inbegriff von anspruchsvollem Stil. &nbsp;  Der Kaschmirstoff ist unglaublich weich und leicht, so dass Sie sicher sein k\u00f6nnen, dass er nicht unn\u00f6tig auftr\u00e4gt oder schwer am Hals liegt, wenn Sie Ihren Tag verbringen.  <\/p>\n<ul>\n<li><span data-preserver-spaces=\"true\">Material: <\/span><span data-preserver-spaces=\"true\">100% Mongolisches Kaschmir der G\u00fcteklasse A <\/span> <\/li>\n<li>Nat\u00fcrlich gef\u00e4rbt, keine sch\u00e4dlichen Chemikalien<\/li>\n<li><span data-preserver-spaces=\"true\">  Komfort: Himmlisch weich und atmungsaktiv, kein Jucken oder \u00dcberhitzen<\/span><\/li>\n<li>Rechteckige Form<\/li>\n<li><span data-preserver-spaces=\"true\"><span data-preserver-spaces=\"true\">Gr\u00f6\u00dfe: 200cm x 90cm\/ 78.74\u2033 x 35.43\u2033<br><\/span><\/span><\/li>\n<li><span data-preserver-spaces=\"true\"><span data-preserver-spaces=\"true\"><span data-preserver-spaces=\"true\"><span data-preserver-spaces=\"true\">Federleicht: 80 Gramm<\/span><\/span><\/span><\/span><\/li>\n<li><span data-preserver-spaces=\"true\"><span data-preserver-spaces=\"true\"><span data-preserver-spaces=\"true\"><span data-preserver-spaces=\"true\"><span data-preserver-spaces=\"true\">Mit Sorgfalt in der inneren Mongolei hergestellt<\/span><\/span><\/span><\/span><\/span><\/li>\n<\/ul>\t\t\t\t\t\t\t\t<\/div>\n\t\t\t\t<\/div>\n\t\t\t\t\t<\/div>\n\t\t<\/div>\n\t\t\t\t\t<\/div>\n\t\t<\/section>\n\t\t\t\t<\/div>\n\t\t","protected":false},"excerpt":{"rendered":"<p>Werten Sie Ihr Outfit mit dem luxuri\u00f6sen Alena federleichten Kaschmirschal Wrap auf. Mit seinem einzigartigen Karomuster und den gestreiften Einfassungen<\/p>\n","protected":false},"featured_media":260683,"comment_status":"open","ping_status":"closed","template":"","meta":[],"product_brand":[],"product_cat":[1614,1127],"product_tag":[1731],"class_list":{"0":"post-279234","1":"product","2":"type-product","3":"status-publish","4":"has-post-thumbnail","6":"product_cat-federleichte-kaschmirschals","7":"product_cat-schals-tucher","8":"product_tag-lightweight-scarves","9":"product_shipping_class-foldable","10":"pa_color-hellgrau","11":"pa_color-rosa-de","12":"pa_material-kaschmir","13":"pa_pattern-checked","14":"pa_pattern-fringe","16":"first","17":"instock","18":"shipping-taxable","19":"purchasable","20":"product-type-simple"},"_links":{"self":[{"href":"https:\/\/peilishop.com\/de\/wp-json\/wp\/v2\/product\/279234","targetHints":{"allow":["GET"]}}],"collection":[{"href":"https:\/\/peilishop.com\/de\/wp-json\/wp\/v2\/product"}],"about":[{"href":"https:\/\/peilishop.com\/de\/wp-json\/wp\/v2\/types\/product"}],"replies":[{"embeddable":true,"href":"https:\/\/peilishop.com\/de\/wp-json\/wp\/v2\/comments?post=279234"}],"version-history":[{"count":0,"href":"https:\/\/peilishop.com\/de\/wp-json\/wp\/v2\/product\/279234\/revisions"}],"wp:featuredmedia":[{"embeddable":true,"href":"https:\/\/peilishop.com\/de\/wp-json\/wp\/v2\/media\/260683"}],"wp:attachment":[{"href":"https:\/\/peilishop.com\/de\/wp-json\/wp\/v2\/media?parent=279234"}],"wp:term":[{"taxonomy":"product_brand","embeddable":true,"href":"https:\/\/peilishop.com\/de\/wp-json\/wp\/v2\/product_brand?post=279234"},{"taxonomy":"product_cat","embeddable":true,"href":"https:\/\/peilishop.com\/de\/wp-json\/wp\/v2\/product_cat?post=279234"},{"taxonomy":"product_tag","embeddable":true,"href":"https:\/\/peilishop.com\/de\/wp-json\/wp\/v2\/product_tag?post=279234"}],"curies":[{"name":"wp","href":"https:\/\/api.w.org\/{rel}","templated":true}]}}