{"id":279127,"date":"2023-09-29T23:31:00","date_gmt":"2023-09-30T03:31:00","guid":{"rendered":"https:\/\/peilishop.com\/product\/adan-quadratischer-federleichter-kaschmirschal-wrap\/"},"modified":"2025-04-13T21:59:24","modified_gmt":"2025-04-14T01:59:24","slug":"adan-quadratischer-federleichter-kaschmirschal-wrap","status":"publish","type":"product","link":"https:\/\/peilishop.com\/de\/produkt\/adan-quadratischer-federleichter-kaschmirschal-wrap\/","title":{"rendered":"Adan Quadratischer federleichter Kaschmirschal Wrap"},"content":{"rendered":"\t\t<div data-elementor-type=\"wp-post\" data-elementor-id=\"279127\" class=\"elementor elementor-279127\" data-elementor-post-type=\"product\">\n\t\t\t\t\t\t<section class=\"wd-negative-gap elementor-section elementor-top-section elementor-element elementor-element-309ee49 elementor-section-boxed elementor-section-height-default elementor-section-height-default\" data-id=\"309ee49\" data-element_type=\"section\" data-e-type=\"section\">\n\t\t\t\t\t\t<div class=\"elementor-container elementor-column-gap-default\">\n\t\t\t\t\t<div class=\"elementor-column elementor-col-100 elementor-top-column elementor-element elementor-element-27c6e88\" data-id=\"27c6e88\" data-element_type=\"column\" data-e-type=\"column\">\n\t\t\t<div class=\"elementor-widget-wrap elementor-element-populated\">\n\t\t\t\t\t\t<div class=\"elementor-element elementor-element-ffd11f9 color-scheme-inherit text-left elementor-widget elementor-widget-text-editor\" data-id=\"ffd11f9\" data-element_type=\"widget\" data-e-type=\"widget\" data-widget_type=\"text-editor.default\">\n\t\t\t\t<div class=\"elementor-widget-container\">\n\t\t\t\t\t\t\t\t\t<p class=\"pa1 product-description\">Sp\u00fcren Sie die W\u00e4rme und m\u00fchelose Eleganz, die der federleichte Kaschmirschal von Adan ausstrahlt! Dieser raffinierte Schal hat ein Karomuster und ausgefranste Bes\u00e4tze, die Charme und Klasse ausstrahlen. Das Farbverlaufsmuster verleiht ihm eine energiegeladene Ausstrahlung, die mit Sicherheit die Aufmerksamkeit auf sich ziehen wird. Aus feinstem Kaschmir gefertigt, h\u00e4lt dieser Schal Sie die ganze Saison \u00fcber warm und komfortabel.   &nbsp;<\/p>\n<ul>\n<li><span data-preserver-spaces=\"true\">Material: <\/span><span data-preserver-spaces=\"true\">100% Mongolisches Kaschmir der G\u00fcteklasse A <\/span> <\/li>\n<li>Nat\u00fcrlich gef\u00e4rbt, keine sch\u00e4dlichen Chemikalien<\/li>\n<li><span data-preserver-spaces=\"true\">  Komfort: Himmlisch weich und atmungsaktiv, kein Jucken oder \u00dcberhitzen<\/span><\/li>\n<li><span data-preserver-spaces=\"true\"><span data-preserver-spaces=\"true\">Gr\u00f6\u00dfe: 110cm x 110cm\/ 43.3\u2033 x 43.3\u2033<br><\/span><\/span><\/li>\n<li><span data-preserver-spaces=\"true\"><span data-preserver-spaces=\"true\"><span data-preserver-spaces=\"true\"><span data-preserver-spaces=\"true\">Federleicht: 50 Gramm<\/span><\/span><\/span><\/span><\/li>\n<li><span data-preserver-spaces=\"true\"><span data-preserver-spaces=\"true\"><span data-preserver-spaces=\"true\"><span data-preserver-spaces=\"true\"><span data-preserver-spaces=\"true\">Mit Sorgfalt in der inneren Mongolei hergestellt<\/span><\/span><\/span><\/span><\/span><\/li>\n<\/ul>\t\t\t\t\t\t\t\t<\/div>\n\t\t\t\t<\/div>\n\t\t\t\t\t<\/div>\n\t\t<\/div>\n\t\t\t\t\t<\/div>\n\t\t<\/section>\n\t\t\t\t<\/div>\n\t\t","protected":false},"excerpt":{"rendered":"<p>Sp\u00fcren Sie die W\u00e4rme und m\u00fchelose Eleganz, die der federleichte Kaschmirschal von Adan ausstrahlt! Dieser raffinierte Schal hat ein Karomuster<\/p>\n","protected":false},"featured_media":263863,"comment_status":"open","ping_status":"closed","template":"","meta":[],"product_brand":[],"product_cat":[1354,1127],"product_tag":[1130,1195,1185],"class_list":{"0":"post-279127","1":"product","2":"type-product","3":"status-publish","4":"has-post-thumbnail","6":"product_cat-quadratische-federleichte-kaschmirschals","7":"product_cat-schals-tucher","8":"product_tag-fransen","9":"product_tag-gepruft","10":"product_tag-spielerisch","11":"product_shipping_class-foldable","13":"product_shipping_class-zusammenklappbar","14":"pa_color-gebrannte-orange","15":"pa_color-kamel","16":"pa_color-leuchtendes-orange","17":"pa_color-perlweis-lila","18":"pa_material-kaschmir","19":"pa_pattern-checked","20":"pa_pattern-fringe","21":"pa_pattern-gradient","22":"pa_pattern-playful","24":"first","25":"instock","26":"sale","27":"shipping-taxable","28":"purchasable","29":"product-type-simple"},"_links":{"self":[{"href":"https:\/\/peilishop.com\/de\/wp-json\/wp\/v2\/product\/279127","targetHints":{"allow":["GET"]}}],"collection":[{"href":"https:\/\/peilishop.com\/de\/wp-json\/wp\/v2\/product"}],"about":[{"href":"https:\/\/peilishop.com\/de\/wp-json\/wp\/v2\/types\/product"}],"replies":[{"embeddable":true,"href":"https:\/\/peilishop.com\/de\/wp-json\/wp\/v2\/comments?post=279127"}],"version-history":[{"count":0,"href":"https:\/\/peilishop.com\/de\/wp-json\/wp\/v2\/product\/279127\/revisions"}],"wp:featuredmedia":[{"embeddable":true,"href":"https:\/\/peilishop.com\/de\/wp-json\/wp\/v2\/media\/263863"}],"wp:attachment":[{"href":"https:\/\/peilishop.com\/de\/wp-json\/wp\/v2\/media?parent=279127"}],"wp:term":[{"taxonomy":"product_brand","embeddable":true,"href":"https:\/\/peilishop.com\/de\/wp-json\/wp\/v2\/product_brand?post=279127"},{"taxonomy":"product_cat","embeddable":true,"href":"https:\/\/peilishop.com\/de\/wp-json\/wp\/v2\/product_cat?post=279127"},{"taxonomy":"product_tag","embeddable":true,"href":"https:\/\/peilishop.com\/de\/wp-json\/wp\/v2\/product_tag?post=279127"}],"curies":[{"name":"wp","href":"https:\/\/api.w.org\/{rel}","templated":true}]}}