{"id":279122,"date":"2023-09-30T09:29:00","date_gmt":"2023-09-30T13:29:00","guid":{"rendered":"https:\/\/peilishop.com\/product\/faya-quadratischer-kaschmirschal-wrap\/"},"modified":"2025-04-13T21:59:23","modified_gmt":"2025-04-14T01:59:23","slug":"faya-quadratischer-kaschmirschal-wrap","status":"publish","type":"product","link":"https:\/\/peilishop.com\/de\/produkt\/faya-quadratischer-kaschmirschal-wrap\/","title":{"rendered":"Faya Quadratischer Kaschmirschal Wrap"},"content":{"rendered":"\t\t<div data-elementor-type=\"wp-post\" data-elementor-id=\"279122\" class=\"elementor elementor-279122 elementor-59954\" data-elementor-post-type=\"product\">\n\t\t\t\t\t\t<section class=\"wd-negative-gap elementor-section elementor-top-section elementor-element elementor-element-309ee49 elementor-section-boxed elementor-section-height-default elementor-section-height-default\" data-id=\"309ee49\" data-element_type=\"section\" data-e-type=\"section\">\n\t\t\t\t\t\t<div class=\"elementor-container elementor-column-gap-default\">\n\t\t\t\t\t<div class=\"elementor-column elementor-col-100 elementor-top-column elementor-element elementor-element-27c6e88\" data-id=\"27c6e88\" data-element_type=\"column\" data-e-type=\"column\">\n\t\t\t<div class=\"elementor-widget-wrap elementor-element-populated\">\n\t\t\t\t\t\t<div class=\"elementor-element elementor-element-ffd11f9 color-scheme-inherit text-left elementor-widget elementor-widget-text-editor\" data-id=\"ffd11f9\" data-element_type=\"widget\" data-e-type=\"widget\" data-widget_type=\"text-editor.default\">\n\t\t\t\t<div class=\"elementor-widget-container\">\n\t\t\t\t\t\t\t\t\t<p class=\"pa1 product-description\">Einzigartig in jeder Hinsicht &#8211; Sie werden sich in diesen ultraweichen und leichten Schal verlieben! Der Schal ist aus hochwertigem Kaschmir gefertigt und hat ein atemberaubendes, mehrfarbiges Batikmuster mit Wimpernfransen an allen Seiten. Er ist das ultimative Modest\u00fcck f\u00fcr alle, die es kuschelig haben wollen und in dieser Saison f\u00fcr Aufsehen sorgen wollen!  <\/p><ul><li><span data-preserver-spaces=\"true\">Material: <\/span><span data-preserver-spaces=\"true\">100% Mongolisches Kaschmir der G\u00fcteklasse A <\/span> <\/li><li>Nat\u00fcrlich gef\u00e4rbt, keine sch\u00e4dlichen Chemikalien<\/li><li><span data-preserver-spaces=\"true\">  Komfort: Himmlisch weich und atmungsaktiv, kein Jucken oder \u00dcberhitzen<\/span><\/li><li><span data-preserver-spaces=\"true\"><span data-preserver-spaces=\"true\">Gr\u00f6\u00dfe: 110cm x 110cm\/ 43.3\u2033 x 43.3\u2033<br><\/span><\/span><\/li><li><span data-preserver-spaces=\"true\"><span data-preserver-spaces=\"true\"><span data-preserver-spaces=\"true\"><span data-preserver-spaces=\"true\">Federleicht: 85 Gramm<\/span><\/span><\/span><\/span><\/li><li><span data-preserver-spaces=\"true\"><span data-preserver-spaces=\"true\"><span data-preserver-spaces=\"true\"><span data-preserver-spaces=\"true\"><span data-preserver-spaces=\"true\">Mit Sorgfalt in der inneren Mongolei hergestellt<\/span><\/span><\/span><\/span><\/span><\/li><\/ul>\t\t\t\t\t\t\t\t<\/div>\n\t\t\t\t<\/div>\n\t\t\t\t\t<\/div>\n\t\t<\/div>\n\t\t\t\t\t<\/div>\n\t\t<\/section>\n\t\t\t\t<\/div>\n\t\t","protected":false},"excerpt":{"rendered":"<p>Einzigartig in jeder Hinsicht &#8211; Sie werden sich in diesen ultraweichen und leichten Schal verlieben! Der Schal ist aus hochwertigem<\/p>\n","protected":false},"featured_media":263919,"comment_status":"open","ping_status":"closed","template":"","meta":[],"product_brand":[],"product_cat":[1127,1241,1354],"product_tag":[1731],"class_list":{"0":"post-279122","1":"product","2":"type-product","3":"status-publish","4":"has-post-thumbnail","6":"product_cat-schals-tucher","7":"product_cat-kaschmir-wraps","8":"product_cat-quadratische-federleichte-kaschmirschals","9":"product_tag-lightweight-scarves","10":"product_shipping_class-foldable","11":"pa_color-kakaobraun","12":"pa_color-rostrot","13":"pa_color-zitronengelb","14":"pa_material-kaschmir","15":"pa_pattern-boho","16":"pa_pattern-fringe","18":"first","19":"instock","20":"shipping-taxable","21":"purchasable","22":"product-type-variable"},"_links":{"self":[{"href":"https:\/\/peilishop.com\/de\/wp-json\/wp\/v2\/product\/279122","targetHints":{"allow":["GET"]}}],"collection":[{"href":"https:\/\/peilishop.com\/de\/wp-json\/wp\/v2\/product"}],"about":[{"href":"https:\/\/peilishop.com\/de\/wp-json\/wp\/v2\/types\/product"}],"replies":[{"embeddable":true,"href":"https:\/\/peilishop.com\/de\/wp-json\/wp\/v2\/comments?post=279122"}],"version-history":[{"count":0,"href":"https:\/\/peilishop.com\/de\/wp-json\/wp\/v2\/product\/279122\/revisions"}],"wp:featuredmedia":[{"embeddable":true,"href":"https:\/\/peilishop.com\/de\/wp-json\/wp\/v2\/media\/263919"}],"wp:attachment":[{"href":"https:\/\/peilishop.com\/de\/wp-json\/wp\/v2\/media?parent=279122"}],"wp:term":[{"taxonomy":"product_brand","embeddable":true,"href":"https:\/\/peilishop.com\/de\/wp-json\/wp\/v2\/product_brand?post=279122"},{"taxonomy":"product_cat","embeddable":true,"href":"https:\/\/peilishop.com\/de\/wp-json\/wp\/v2\/product_cat?post=279122"},{"taxonomy":"product_tag","embeddable":true,"href":"https:\/\/peilishop.com\/de\/wp-json\/wp\/v2\/product_tag?post=279122"}],"curies":[{"name":"wp","href":"https:\/\/api.w.org\/{rel}","templated":true}]}}