{"id":278950,"date":"2023-10-11T08:03:00","date_gmt":"2023-10-11T12:03:00","guid":{"rendered":"https:\/\/peilishop.com\/product\/alea-cashmere-reisetuch\/"},"modified":"2025-04-13T21:57:29","modified_gmt":"2025-04-14T01:57:29","slug":"alea-cashmere-reisetuch","status":"publish","type":"product","link":"https:\/\/peilishop.com\/de\/produkt\/alea-cashmere-reisetuch\/","title":{"rendered":"Alea Cashmere Reisetuch"},"content":{"rendered":"\t\t<div data-elementor-type=\"wp-post\" data-elementor-id=\"278950\" class=\"elementor elementor-278950 elementor-33559\" data-elementor-post-type=\"product\">\n\t\t\t\t\t\t<section class=\"wd-negative-gap elementor-section elementor-top-section elementor-element elementor-element-309ee49 elementor-section-boxed elementor-section-height-default elementor-section-height-default\" data-id=\"309ee49\" data-element_type=\"section\" data-e-type=\"section\">\n\t\t\t\t\t\t<div class=\"elementor-container elementor-column-gap-default\">\n\t\t\t\t\t<div class=\"elementor-column elementor-col-100 elementor-top-column elementor-element elementor-element-27c6e88\" data-id=\"27c6e88\" data-element_type=\"column\" data-e-type=\"column\">\n\t\t\t<div class=\"elementor-widget-wrap elementor-element-populated\">\n\t\t\t\t\t\t<div class=\"elementor-element elementor-element-ffd11f9 color-scheme-inherit text-left elementor-widget elementor-widget-text-editor\" data-id=\"ffd11f9\" data-element_type=\"widget\" data-e-type=\"widget\" data-widget_type=\"text-editor.default\">\n\t\t\t\t<div class=\"elementor-widget-container\">\n\t\t\t\t\t\t\t\t\t<p style=\"text-align: left;\"><span data-preserver-spaces=\"true\">Sobald die Temperaturen sinken, sollten Sie sich minimalistisch einkleiden. Dieser leichte Schal ist aus <\/span> <span data-preserver-spaces=\"true\"> Premium-Kaschmir f\u00fcr<\/span><span data-preserver-spaces=\"true\"> zus\u00e4tzliche W\u00e4rme und Komfort.<\/span> Ob als Schal oder Halstuch, das Reisetuch l\u00e4sst sich schnell und einfach je nach Ihrem Stil auf- oder abtragen. Sein klassisches und doch zeitloses Design macht ihn zu einer vielseitigen Option, egal wohin Ihre Reise Sie f\u00fchrt. <\/p><ul><li style=\"text-align: left;\"><span data-preserver-spaces=\"true\">Material: <\/span><span data-preserver-spaces=\"true\">100% Mongolisches Kaschmir der G\u00fcteklasse A <\/span> <\/li><li>Nat\u00fcrlich gef\u00e4rbt, keine sch\u00e4dlichen Chemikalien<\/li><li style=\"text-align: left;\"><span data-preserver-spaces=\"true\">  Komfort: Himmlisch weich und atmungsaktiv, kein Jucken oder \u00dcberhitzen<\/span><\/li><li style=\"text-align: left;\"><span data-preserver-spaces=\"true\">Rechteckige Form<br><\/span><\/li><li style=\"text-align: left;\"><span data-preserver-spaces=\"true\">Gr\u00f6\u00dfe: <\/span><span data-preserver-spaces=\"true\"><span data-preserver-spaces=\"true\"><span data-preserver-spaces=\"true\"><span data-preserver-spaces=\"true\">180cm x 60cm\/ 70.87\u2033 x 23.6\u2033<\/span><\/span><\/span><\/span><\/li><li style=\"text-align: left;\"><span data-preserver-spaces=\"true\"><span data-preserver-spaces=\"true\"><span data-preserver-spaces=\"true\"><span data-preserver-spaces=\"true\"><span data-preserver-spaces=\"true\">Mit Sorgfalt in der inneren Mongolei hergestellt<\/span><\/span><\/span><\/span><\/span><\/li><\/ul>\t\t\t\t\t\t\t\t<\/div>\n\t\t\t\t<\/div>\n\t\t\t\t\t<\/div>\n\t\t<\/div>\n\t\t\t\t\t<\/div>\n\t\t<\/section>\n\t\t\t\t<\/div>\n\t\t","protected":false},"excerpt":{"rendered":"<p>Sobald die Temperaturen sinken, sollten Sie sich minimalistisch einkleiden. Dieser leichte Schal ist aus Premium-Kaschmir f\u00fcr zus\u00e4tzliche W\u00e4rme und Komfort.<\/p>\n","protected":false},"featured_media":280699,"comment_status":"open","ping_status":"closed","template":"","meta":[],"product_brand":[],"product_cat":[1241,1127],"product_tag":[1232],"class_list":{"0":"post-278950","1":"product","2":"type-product","3":"status-publish","4":"has-post-thumbnail","6":"product_cat-kaschmir-wraps","7":"product_cat-schals-tucher","8":"product_tag-einfach","9":"product_shipping_class-foldable","10":"product_shipping_class-zusammenklappbar","11":"pa_color-armeegrun","12":"pa_color-beige-de","13":"pa_color-burgunderrot","14":"pa_color-hellgrau","15":"pa_color-kakaobraun","16":"pa_color-khaki-de","17":"pa_color-luftwaffe-blau","18":"pa_color-schwarz","19":"pa_material-kaschmir","20":"pa_pattern-plain","22":"first","23":"instock","24":"sale","25":"shipping-taxable","26":"purchasable","27":"product-type-variable"},"_links":{"self":[{"href":"https:\/\/peilishop.com\/de\/wp-json\/wp\/v2\/product\/278950","targetHints":{"allow":["GET"]}}],"collection":[{"href":"https:\/\/peilishop.com\/de\/wp-json\/wp\/v2\/product"}],"about":[{"href":"https:\/\/peilishop.com\/de\/wp-json\/wp\/v2\/types\/product"}],"replies":[{"embeddable":true,"href":"https:\/\/peilishop.com\/de\/wp-json\/wp\/v2\/comments?post=278950"}],"version-history":[{"count":0,"href":"https:\/\/peilishop.com\/de\/wp-json\/wp\/v2\/product\/278950\/revisions"}],"wp:featuredmedia":[{"embeddable":true,"href":"https:\/\/peilishop.com\/de\/wp-json\/wp\/v2\/media\/280699"}],"wp:attachment":[{"href":"https:\/\/peilishop.com\/de\/wp-json\/wp\/v2\/media?parent=278950"}],"wp:term":[{"taxonomy":"product_brand","embeddable":true,"href":"https:\/\/peilishop.com\/de\/wp-json\/wp\/v2\/product_brand?post=278950"},{"taxonomy":"product_cat","embeddable":true,"href":"https:\/\/peilishop.com\/de\/wp-json\/wp\/v2\/product_cat?post=278950"},{"taxonomy":"product_tag","embeddable":true,"href":"https:\/\/peilishop.com\/de\/wp-json\/wp\/v2\/product_tag?post=278950"}],"curies":[{"name":"wp","href":"https:\/\/api.w.org\/{rel}","templated":true}]}}