{"id":278936,"date":"2023-10-07T10:24:00","date_gmt":"2023-10-07T14:24:00","guid":{"rendered":"https:\/\/peilishop.com\/product\/bela-wearable-kaschmir-wickeltuch\/"},"modified":"2026-05-07T10:02:41","modified_gmt":"2026-05-07T14:02:41","slug":"bela-wearable-kaschmir-wickeltuch","status":"publish","type":"product","link":"https:\/\/peilishop.com\/de\/produkt\/bela-wearable-kaschmir-wickeltuch\/","title":{"rendered":"Bela Wearable Kaschmir-Wickeltuch"},"content":{"rendered":"\t\t<div data-elementor-type=\"wp-post\" data-elementor-id=\"278936\" class=\"elementor elementor-278936 elementor-60434\" data-elementor-post-type=\"product\">\n\t\t\t\t\t\t<section class=\"wd-negative-gap elementor-section elementor-top-section elementor-element elementor-element-309ee49 elementor-section-boxed elementor-section-height-default elementor-section-height-default\" data-id=\"309ee49\" data-element_type=\"section\" data-e-type=\"section\">\n\t\t\t\t\t\t<div class=\"elementor-container elementor-column-gap-default\">\n\t\t\t\t\t<div class=\"elementor-column elementor-col-100 elementor-top-column elementor-element elementor-element-27c6e88\" data-id=\"27c6e88\" data-element_type=\"column\" data-e-type=\"column\">\n\t\t\t<div class=\"elementor-widget-wrap elementor-element-populated\">\n\t\t\t\t\t\t<div class=\"elementor-element elementor-element-ffd11f9 color-scheme-inherit text-left elementor-widget elementor-widget-text-editor\" data-id=\"ffd11f9\" data-element_type=\"widget\" data-e-type=\"widget\" data-widget_type=\"text-editor.default\">\n\t\t\t\t<div class=\"elementor-widget-container\">\n\t\t\t\t\t\t\t\t\t<p>Dieses leichte Tuch aus feinstem Kaschmir ist einzigartig in seiner Vielseitigkeit &#8211; es kann als Tuch, Kleid oder Schal getragen werden und bietet Ihnen unz\u00e4hlige M\u00f6glichkeiten f\u00fcr Ihre Garderobe. Das auff\u00e4llige geometrische Muster verleiht jedem Outfit einen unerwarteten Twist. Schieben Sie Ihre Arme durch die sorgf\u00e4ltig gestalteten \u00c4rmel und Sie werden sofort von einem unvergleichlichen Gef\u00fchl der Verw\u00f6hnung umh\u00fcllt sein.  <\/p>\n<ul>\n<li><span data-preserver-spaces=\"true\">Material: <\/span><span data-preserver-spaces=\"true\">100% Mongolisches Kaschmir der G\u00fcteklasse A <\/span> <\/li>\n<li>Nat\u00fcrlich gef\u00e4rbt, keine sch\u00e4dlichen Chemikalien<\/li>\n\n<li><span data-preserver-spaces=\"true\">Gr\u00f6\u00dfe: <\/span><span data-preserver-spaces=\"true\">115cm x 75cm \/ 45.3\u2033 x 30\u2033<\/span><\/li>\n<li><span data-preserver-spaces=\"true\">Gewicht: 130 Gramm<\/span><\/li>\n<li><span data-preserver-spaces=\"true\">Mit Sorgfalt in der inneren Mongolei hergestellt<\/span><\/li>\n<li>Inklusive KOSTENLOSER Geschenkbox mit optionalen Geschenkbotschaften<\/li>\n<\/ul>\t\t\t\t\t\t\t\t<\/div>\n\t\t\t\t<\/div>\n\t\t\t\t\t<\/div>\n\t\t<\/div>\n\t\t\t\t\t<\/div>\n\t\t<\/section>\n\t\t\t\t<\/div>\n\t\t","protected":false},"excerpt":{"rendered":"<p>Dieses leichte Tuch aus feinstem Kaschmir ist einzigartig in seiner Vielseitigkeit &#8211; es kann als Tuch, Kleid oder Schal getragen<\/p>\n","protected":false},"featured_media":326531,"comment_status":"open","ping_status":"closed","template":"","meta":[],"product_brand":[],"product_cat":[1230,1127],"product_tag":[1232],"class_list":{"0":"post-278936","1":"product","2":"type-product","3":"status-publish","4":"has-post-thumbnail","6":"product_cat-tragbare-kaschmir-wraps","7":"product_cat-schals-tucher","8":"product_tag-einfach","9":"product_shipping_class-foldable","11":"product_shipping_class-zusammenklappbar","12":"pa_color-kamel","13":"pa_color-rostrot","14":"pa_color-schwarz","15":"pa_color-turkisblau","16":"pa_color-weis","17":"pa_material-kaschmir","18":"pa_pattern-open","19":"pa_pattern-plain","21":"first","22":"instock","23":"shipping-taxable","24":"purchasable","25":"product-type-variable"},"_links":{"self":[{"href":"https:\/\/peilishop.com\/de\/wp-json\/wp\/v2\/product\/278936","targetHints":{"allow":["GET"]}}],"collection":[{"href":"https:\/\/peilishop.com\/de\/wp-json\/wp\/v2\/product"}],"about":[{"href":"https:\/\/peilishop.com\/de\/wp-json\/wp\/v2\/types\/product"}],"replies":[{"embeddable":true,"href":"https:\/\/peilishop.com\/de\/wp-json\/wp\/v2\/comments?post=278936"}],"version-history":[{"count":0,"href":"https:\/\/peilishop.com\/de\/wp-json\/wp\/v2\/product\/278936\/revisions"}],"wp:featuredmedia":[{"embeddable":true,"href":"https:\/\/peilishop.com\/de\/wp-json\/wp\/v2\/media\/326531"}],"wp:attachment":[{"href":"https:\/\/peilishop.com\/de\/wp-json\/wp\/v2\/media?parent=278936"}],"wp:term":[{"taxonomy":"product_brand","embeddable":true,"href":"https:\/\/peilishop.com\/de\/wp-json\/wp\/v2\/product_brand?post=278936"},{"taxonomy":"product_cat","embeddable":true,"href":"https:\/\/peilishop.com\/de\/wp-json\/wp\/v2\/product_cat?post=278936"},{"taxonomy":"product_tag","embeddable":true,"href":"https:\/\/peilishop.com\/de\/wp-json\/wp\/v2\/product_tag?post=278936"}],"curies":[{"name":"wp","href":"https:\/\/api.w.org\/{rel}","templated":true}]}}