{"id":278719,"date":"2023-10-12T00:07:00","date_gmt":"2023-10-12T04:07:00","guid":{"rendered":"https:\/\/peilishop.com\/product\/bina-reines-kaschmir-muetze\/"},"modified":"2025-04-13T21:56:53","modified_gmt":"2025-04-14T01:56:53","slug":"bina-reines-kaschmir-muetze","status":"publish","type":"product","link":"https:\/\/peilishop.com\/de\/produkt\/bina-reines-kaschmir-muetze\/","title":{"rendered":"Bina Reines Kaschmir M\u00fctze"},"content":{"rendered":"\t\t<div data-elementor-type=\"wp-post\" data-elementor-id=\"278719\" class=\"elementor elementor-278719 elementor-33464\" data-elementor-post-type=\"product\">\n\t\t\t\t\t\t<section class=\"wd-negative-gap elementor-section elementor-top-section elementor-element elementor-element-309ee49 elementor-section-boxed elementor-section-height-default elementor-section-height-default\" data-id=\"309ee49\" data-element_type=\"section\" data-e-type=\"section\">\n\t\t\t\t\t\t<div class=\"elementor-container elementor-column-gap-default\">\n\t\t\t\t\t<div class=\"elementor-column elementor-col-100 elementor-top-column elementor-element elementor-element-27c6e88\" data-id=\"27c6e88\" data-element_type=\"column\" data-e-type=\"column\">\n\t\t\t<div class=\"elementor-widget-wrap elementor-element-populated\">\n\t\t\t\t\t\t<div class=\"elementor-element elementor-element-ffd11f9 color-scheme-inherit text-left elementor-widget elementor-widget-text-editor\" data-id=\"ffd11f9\" data-element_type=\"widget\" data-e-type=\"widget\" data-widget_type=\"text-editor.default\">\n\t\t\t\t<div class=\"elementor-widget-container\">\n\t\t\t\t\t\t\t\t\t<p style=\"text-align: left;\"> <span data-preserver-spaces=\"true\"> Ran ist aus butterweichem, reinem mongolischem Kaschmir der G\u00fcteklasse A gewebt. <\/span><span data-preserver-spaces=\"true\">einer klassischen Beanie-Silhouette im minimalistischen Stil<\/span><span data-preserver-spaces=\"true\">. Ein perfektes Accessoire, um Sie in den k\u00e4ltesten Monaten des Jahres warm zu halten.  <\/span><\/p>\n<ul>\n<li style=\"text-align: left;\"><span data-preserver-spaces=\"true\">Material: <\/span><span data-preserver-spaces=\"true\">100% Mongolisches Kaschmir der G\u00fcteklasse A <\/span> <\/li>\n<li>Nat\u00fcrlich gef\u00e4rbt, keine sch\u00e4dlichen Chemikalien<\/li>\n<li><span data-preserver-spaces=\"true\">  Komfort: Himmlisch weich und atmungsaktiv, kein Jucken oder \u00dcberhitzen<\/span><\/li>\n<li><span data-preserver-spaces=\"true\">Gr\u00f6\u00dfe: 27cm x 29cm \/ 10.63&#8243; x 11.4&#8243;<br><\/span><\/li>\n<li><span data-preserver-spaces=\"true\">Leichtgewicht: 51 Gramm<\/span><\/li>\n<li><span data-preserver-spaces=\"true\"><span data-preserver-spaces=\"true\">Mit Sorgfalt in der inneren Mongolei hergestellt<\/span><\/span><\/li>\n<\/ul>\t\t\t\t\t\t\t\t<\/div>\n\t\t\t\t<\/div>\n\t\t\t\t\t<\/div>\n\t\t<\/div>\n\t\t\t\t\t<\/div>\n\t\t<\/section>\n\t\t\t\t<\/div>\n\t\t","protected":false},"excerpt":{"rendered":"<p>Ran ist aus butterweichem, reinem mongolischem Kaschmir der G\u00fcteklasse A gewebt. einer klassischen Beanie-Silhouette im minimalistischen Stil. Ein perfektes Accessoire,<\/p>\n","protected":false},"featured_media":262751,"comment_status":"open","ping_status":"closed","template":"","meta":[],"product_brand":[],"product_cat":[1606,1610,1344],"product_tag":[1232],"class_list":{"0":"post-278719","1":"product","2":"type-product","3":"status-publish","4":"has-post-thumbnail","6":"product_cat-hute","7":"product_cat-barette-mutzen","8":"product_cat-kaschmir-hute","9":"product_tag-einfach","10":"product_shipping_class-foldable","11":"product_shipping_class-zusammenklappbar","12":"pa_color-beige-de","13":"pa_color-chili-rot","14":"pa_color-dunkelviolett","15":"pa_color-grau","16":"pa_color-kakaobraun","17":"pa_color-khaki-de","18":"pa_color-rosa-de","19":"pa_color-rostrot","20":"pa_color-schwarz","21":"pa_color-tiefblau","22":"pa_color-turkisblau","23":"pa_color-weis","24":"pa_material-kaschmir","25":"pa_pattern-plain","27":"first","28":"instock","29":"featured","30":"shipping-taxable","31":"purchasable","32":"product-type-variable"},"_links":{"self":[{"href":"https:\/\/peilishop.com\/de\/wp-json\/wp\/v2\/product\/278719","targetHints":{"allow":["GET"]}}],"collection":[{"href":"https:\/\/peilishop.com\/de\/wp-json\/wp\/v2\/product"}],"about":[{"href":"https:\/\/peilishop.com\/de\/wp-json\/wp\/v2\/types\/product"}],"replies":[{"embeddable":true,"href":"https:\/\/peilishop.com\/de\/wp-json\/wp\/v2\/comments?post=278719"}],"version-history":[{"count":0,"href":"https:\/\/peilishop.com\/de\/wp-json\/wp\/v2\/product\/278719\/revisions"}],"wp:featuredmedia":[{"embeddable":true,"href":"https:\/\/peilishop.com\/de\/wp-json\/wp\/v2\/media\/262751"}],"wp:attachment":[{"href":"https:\/\/peilishop.com\/de\/wp-json\/wp\/v2\/media?parent=278719"}],"wp:term":[{"taxonomy":"product_brand","embeddable":true,"href":"https:\/\/peilishop.com\/de\/wp-json\/wp\/v2\/product_brand?post=278719"},{"taxonomy":"product_cat","embeddable":true,"href":"https:\/\/peilishop.com\/de\/wp-json\/wp\/v2\/product_cat?post=278719"},{"taxonomy":"product_tag","embeddable":true,"href":"https:\/\/peilishop.com\/de\/wp-json\/wp\/v2\/product_tag?post=278719"}],"curies":[{"name":"wp","href":"https:\/\/api.w.org\/{rel}","templated":true}]}}