{"id":278668,"date":"2023-10-26T05:32:00","date_gmt":"2023-10-26T09:32:00","guid":{"rendered":"https:\/\/peilishop.com\/product\/ionna-kaschmir-schulterwaermer\/"},"modified":"2025-04-13T21:55:25","modified_gmt":"2025-04-14T01:55:25","slug":"ionna-kaschmir-schulterwaermer","status":"publish","type":"product","link":"https:\/\/peilishop.com\/de\/produkt\/ionna-kaschmir-schulterwaermer\/","title":{"rendered":"Ionna Kaschmir-Schulterw\u00e4rmer"},"content":{"rendered":"\t\t<div data-elementor-type=\"wp-post\" data-elementor-id=\"278668\" class=\"elementor elementor-278668 elementor-61094\" data-elementor-post-type=\"product\">\n\t\t\t\t\t\t<section class=\"wd-negative-gap elementor-section elementor-top-section elementor-element elementor-element-309ee49 elementor-section-boxed elementor-section-height-default elementor-section-height-default\" data-id=\"309ee49\" data-element_type=\"section\" data-e-type=\"section\">\n\t\t\t\t\t\t<div class=\"elementor-container elementor-column-gap-default\">\n\t\t\t\t\t<div class=\"elementor-column elementor-col-100 elementor-top-column elementor-element elementor-element-27c6e88\" data-id=\"27c6e88\" data-element_type=\"column\" data-e-type=\"column\">\n\t\t\t<div class=\"elementor-widget-wrap elementor-element-populated\">\n\t\t\t\t\t\t<div class=\"elementor-element elementor-element-ffd11f9 color-scheme-inherit text-left elementor-widget elementor-widget-text-editor\" data-id=\"ffd11f9\" data-element_type=\"widget\" data-e-type=\"widget\" data-widget_type=\"text-editor.default\">\n\t\t\t\t<div class=\"elementor-widget-container\">\n\t\t\t\t\t\t\t\t\t<p>Dieser aus feinstem Kaschmir gefertigte Schulterw\u00e4rmer bietet sowohl W\u00e4rme als auch Stil. Die leichte Konstruktion sorgt f\u00fcr ein sensationell weiches Tragegef\u00fchl, w\u00e4hrend die gro\u00dfz\u00fcgige Gr\u00f6\u00dfe eine vollst\u00e4ndige Abdeckung Ihrer Schulter garantiert.   <\/p><ul><li><span data-preserver-spaces=\"true\">Material: <\/span><span data-preserver-spaces=\"true\">100% Mongolisches Kaschmir der G\u00fcteklasse A <\/span> <\/li><li>Nat\u00fcrlich gef\u00e4rbt, keine sch\u00e4dlichen Chemikalien<\/li><li><span data-preserver-spaces=\"true\">  Komfort: Himmlisch weich und atmungsaktiv, kein Jucken oder \u00dcberhitzen.<\/span><\/li><li><span data-preserver-spaces=\"true\">Gr\u00f6\u00dfe: <\/span><span data-preserver-spaces=\"true\">102cm x 42cm \/ 40.15\u2033 x 16.5\u2033<\/span><\/li><li><span data-preserver-spaces=\"true\">Gewicht: 80 Gramm<\/span><\/li><li><span data-preserver-spaces=\"true\">Mit Sorgfalt in der inneren Mongolei hergestellt<\/span><\/li><\/ul>\t\t\t\t\t\t\t\t<\/div>\n\t\t\t\t<\/div>\n\t\t\t\t\t<\/div>\n\t\t<\/div>\n\t\t\t\t\t<\/div>\n\t\t<\/section>\n\t\t\t\t<\/div>\n\t\t","protected":false},"excerpt":{"rendered":"<p>Dieser aus feinstem Kaschmir gefertigte Schulterw\u00e4rmer bietet sowohl W\u00e4rme als auch Stil. Die leichte Konstruktion sorgt f\u00fcr ein sensationell weiches<\/p>\n","protected":false},"featured_media":263303,"comment_status":"open","ping_status":"closed","template":"","meta":[],"product_brand":[],"product_cat":[1230,1127],"product_tag":[1232],"class_list":{"0":"post-278668","1":"product","2":"type-product","3":"status-publish","4":"has-post-thumbnail","6":"product_cat-tragbare-kaschmir-wraps","7":"product_cat-schals-tucher","8":"product_tag-einfach","9":"product_shipping_class-foldable","10":"pa_color-beige-de","11":"pa_color-burgunderrot","12":"pa_color-himmelblau","13":"pa_color-khaki-de","14":"pa_color-schwarz","15":"pa_color-weis","16":"pa_material-kaschmir","17":"pa_pattern-open","18":"pa_pattern-plain","20":"first","21":"instock","22":"shipping-taxable","23":"purchasable","24":"product-type-variable"},"_links":{"self":[{"href":"https:\/\/peilishop.com\/de\/wp-json\/wp\/v2\/product\/278668","targetHints":{"allow":["GET"]}}],"collection":[{"href":"https:\/\/peilishop.com\/de\/wp-json\/wp\/v2\/product"}],"about":[{"href":"https:\/\/peilishop.com\/de\/wp-json\/wp\/v2\/types\/product"}],"replies":[{"embeddable":true,"href":"https:\/\/peilishop.com\/de\/wp-json\/wp\/v2\/comments?post=278668"}],"version-history":[{"count":0,"href":"https:\/\/peilishop.com\/de\/wp-json\/wp\/v2\/product\/278668\/revisions"}],"wp:featuredmedia":[{"embeddable":true,"href":"https:\/\/peilishop.com\/de\/wp-json\/wp\/v2\/media\/263303"}],"wp:attachment":[{"href":"https:\/\/peilishop.com\/de\/wp-json\/wp\/v2\/media?parent=278668"}],"wp:term":[{"taxonomy":"product_brand","embeddable":true,"href":"https:\/\/peilishop.com\/de\/wp-json\/wp\/v2\/product_brand?post=278668"},{"taxonomy":"product_cat","embeddable":true,"href":"https:\/\/peilishop.com\/de\/wp-json\/wp\/v2\/product_cat?post=278668"},{"taxonomy":"product_tag","embeddable":true,"href":"https:\/\/peilishop.com\/de\/wp-json\/wp\/v2\/product_tag?post=278668"}],"curies":[{"name":"wp","href":"https:\/\/api.w.org\/{rel}","templated":true}]}}