{"id":278667,"date":"2023-10-22T08:10:00","date_gmt":"2023-10-22T12:10:00","guid":{"rendered":"https:\/\/peilishop.com\/product\/taina-kaschmirschal-mit-kapuze\/"},"modified":"2025-04-13T21:55:24","modified_gmt":"2025-04-14T01:55:24","slug":"taina-kaschmirschal-mit-kapuze","status":"publish","type":"product","link":"https:\/\/peilishop.com\/de\/produkt\/taina-kaschmirschal-mit-kapuze\/","title":{"rendered":"Taina Kaschmirschal mit Kapuze"},"content":{"rendered":"\t\t<div data-elementor-type=\"wp-post\" data-elementor-id=\"278667\" class=\"elementor elementor-278667 elementor-61041\" data-elementor-post-type=\"product\">\n\t\t\t\t\t\t<section class=\"wd-negative-gap elementor-section elementor-top-section elementor-element elementor-element-309ee49 elementor-section-boxed elementor-section-height-default elementor-section-height-default\" data-id=\"309ee49\" data-element_type=\"section\" data-e-type=\"section\">\n\t\t\t\t\t\t<div class=\"elementor-container elementor-column-gap-default\">\n\t\t\t\t\t<div class=\"elementor-column elementor-col-100 elementor-top-column elementor-element elementor-element-27c6e88\" data-id=\"27c6e88\" data-element_type=\"column\" data-e-type=\"column\">\n\t\t\t<div class=\"elementor-widget-wrap elementor-element-populated\">\n\t\t\t\t\t\t<div class=\"elementor-element elementor-element-ffd11f9 color-scheme-inherit text-left elementor-widget elementor-widget-text-editor\" data-id=\"ffd11f9\" data-element_type=\"widget\" data-e-type=\"widget\" data-widget_type=\"text-editor.default\">\n\t\t\t\t<div class=\"elementor-widget-container\">\n\t\t\t\t\t\t\t\t\t<p style=\"text-align: left;\"><span data-preserver-spaces=\"true\"><span data-preserver-spaces=\"true\">Gem\u00fctlichkeit ohne Ende erwartet Sie, wenn Sie sich in diesen ultraweichen Kaschmirschal mit Kapuze wickeln. Er ist aus butterweichem Kaschmir gefertigt und mit einer Kapuzenschn\u00fcrung f\u00fcr optimale Isolierung ausgestattet. Kombinieren Sie ihn mit jedem Outfit und erleben Sie echte Entspannung zu Hause oder unterwegs.  <br><\/span><\/span><\/p><ul><li><span data-preserver-spaces=\"true\">Material: <\/span><span data-preserver-spaces=\"true\">100% Mongolisches Kaschmir der G\u00fcteklasse A <\/span> <\/li><li>Nat\u00fcrlich gef\u00e4rbt, keine sch\u00e4dlichen Chemikalien<\/li><li><span data-preserver-spaces=\"true\">  Komfort: Himmlisch weich und atmungsaktiv, kein Jucken oder \u00dcberhitzen<\/span><\/li><li>Leichtgewicht: 125 Gramm<\/li><li><span data-preserver-spaces=\"true\">Kapuzenschn\u00fcrung<\/span><\/li><li><span data-preserver-spaces=\"true\">Mit Sorgfalt in der inneren Mongolei hergestellt<br><\/span><\/li><\/ul>\t\t\t\t\t\t\t\t<\/div>\n\t\t\t\t<\/div>\n\t\t\t\t\t<\/div>\n\t\t<\/div>\n\t\t\t\t\t<\/div>\n\t\t<\/section>\n\t\t\t\t<\/div>\n\t\t","protected":false},"excerpt":{"rendered":"<p>Gem\u00fctlichkeit ohne Ende erwartet Sie, wenn Sie sich in diesen ultraweichen Kaschmirschal mit Kapuze wickeln. Er ist aus butterweichem Kaschmir<\/p>\n","protected":false},"featured_media":280641,"comment_status":"open","ping_status":"closed","template":"","meta":[],"product_brand":[],"product_cat":[1735,1344,1746],"product_tag":[1232],"class_list":{"0":"post-278667","1":"product","2":"type-product","3":"status-publish","4":"has-post-thumbnail","6":"product_cat-classic-cashmere-scarves","7":"product_cat-kaschmir-hute","8":"product_cat-klassische-kaschmirschals","9":"product_tag-einfach","10":"product_shipping_class-foldable","11":"pa_color-khaki-de","12":"pa_color-schwarz","13":"pa_material-kaschmir","14":"pa_pattern-plain","16":"first","17":"instock","18":"shipping-taxable","19":"purchasable","20":"product-type-variable"},"_links":{"self":[{"href":"https:\/\/peilishop.com\/de\/wp-json\/wp\/v2\/product\/278667","targetHints":{"allow":["GET"]}}],"collection":[{"href":"https:\/\/peilishop.com\/de\/wp-json\/wp\/v2\/product"}],"about":[{"href":"https:\/\/peilishop.com\/de\/wp-json\/wp\/v2\/types\/product"}],"replies":[{"embeddable":true,"href":"https:\/\/peilishop.com\/de\/wp-json\/wp\/v2\/comments?post=278667"}],"version-history":[{"count":0,"href":"https:\/\/peilishop.com\/de\/wp-json\/wp\/v2\/product\/278667\/revisions"}],"wp:featuredmedia":[{"embeddable":true,"href":"https:\/\/peilishop.com\/de\/wp-json\/wp\/v2\/media\/280641"}],"wp:attachment":[{"href":"https:\/\/peilishop.com\/de\/wp-json\/wp\/v2\/media?parent=278667"}],"wp:term":[{"taxonomy":"product_brand","embeddable":true,"href":"https:\/\/peilishop.com\/de\/wp-json\/wp\/v2\/product_brand?post=278667"},{"taxonomy":"product_cat","embeddable":true,"href":"https:\/\/peilishop.com\/de\/wp-json\/wp\/v2\/product_cat?post=278667"},{"taxonomy":"product_tag","embeddable":true,"href":"https:\/\/peilishop.com\/de\/wp-json\/wp\/v2\/product_tag?post=278667"}],"curies":[{"name":"wp","href":"https:\/\/api.w.org\/{rel}","templated":true}]}}