{"id":278481,"date":"2024-06-17T04:16:00","date_gmt":"2024-06-17T08:16:00","guid":{"rendered":"https:\/\/peilishop.com\/product\/lora-gradient-federleichter-kaschmirschal-wrap\/"},"modified":"2025-04-13T21:53:23","modified_gmt":"2025-04-14T01:53:23","slug":"lora-gradient-federleichter-kaschmirschal-wrap","status":"publish","type":"product","link":"https:\/\/peilishop.com\/de\/produkt\/lora-gradient-federleichter-kaschmirschal-wrap\/","title":{"rendered":"Lora Gradient Federleichter Kaschmirschal Wrap"},"content":{"rendered":"\t\t<div data-elementor-type=\"wp-post\" data-elementor-id=\"278481\" class=\"elementor elementor-278481 elementor-65164\" data-elementor-post-type=\"product\">\n\t\t\t\t\t\t<section class=\"wd-negative-gap elementor-section elementor-top-section elementor-element elementor-element-309ee49 elementor-section-boxed elementor-section-height-default elementor-section-height-default\" data-id=\"309ee49\" data-element_type=\"section\" data-e-type=\"section\">\n\t\t\t\t\t\t<div class=\"elementor-container elementor-column-gap-default\">\n\t\t\t\t\t<div class=\"elementor-column elementor-col-100 elementor-top-column elementor-element elementor-element-27c6e88\" data-id=\"27c6e88\" data-element_type=\"column\" data-e-type=\"column\">\n\t\t\t<div class=\"elementor-widget-wrap elementor-element-populated\">\n\t\t\t\t\t\t<div class=\"elementor-element elementor-element-ffd11f9 color-scheme-inherit text-left elementor-widget elementor-widget-text-editor\" data-id=\"ffd11f9\" data-element_type=\"widget\" data-e-type=\"widget\" data-widget_type=\"text-editor.default\">\n\t\t\t\t<div class=\"elementor-widget-container\">\n\t\t\t\t\t\t\t\t\t<p>Erh\u00f6hen Sie Ihren Stil mit dem Lora Featherlight Schal &#8211; eine perfekte Mischung aus Eleganz und Komfort. <span style=\"white-space: pre-wrap;\">Dieser Schal ist aus hochwertigem Kaschmir gefertigt und unglaublich leicht. <\/span>Mit seinem atemberaubenden Farbverlaufsmuster wechselt der Lora Schal m\u00fchelos zwischen verschiedenen Farbt\u00f6nen und verleiht jedem Outfit einen Hauch von Raffinesse. <\/p>\n<ul>\n<li><span data-preserver-spaces=\"true\">Material: <\/span><span data-preserver-spaces=\"true\">100% Mongolisches Kaschmir der G\u00fcteklasse A <\/span> <\/li>\n<li>Nat\u00fcrlich gef\u00e4rbt, keine sch\u00e4dlichen Chemikalien<\/li>\n<li><span data-preserver-spaces=\"true\">  Komfort: Himmlisch weich und atmungsaktiv, kein Jucken oder \u00dcberhitzen<\/span><\/li>\n<li><span data-preserver-spaces=\"true\"><span data-preserver-spaces=\"true\">Gr\u00f6\u00dfe:130cm x 130cm\/ 51.2\u2033 x 51.2\u2033<br><\/span><\/span><\/li>\n<li><span data-preserver-spaces=\"true\"><span data-preserver-spaces=\"true\"><span data-preserver-spaces=\"true\"><span data-preserver-spaces=\"true\">Federleicht: 85 Gramm<\/span><\/span><\/span><\/span><\/li>\n<li><span data-preserver-spaces=\"true\"><span data-preserver-spaces=\"true\"><span data-preserver-spaces=\"true\"><span data-preserver-spaces=\"true\"><span data-preserver-spaces=\"true\">Mit Sorgfalt in der inneren Mongolei hergestellt<\/span><\/span><\/span><\/span><\/span><\/li>\n<\/ul>\t\t\t\t\t\t\t\t<\/div>\n\t\t\t\t<\/div>\n\t\t\t\t\t<\/div>\n\t\t<\/div>\n\t\t\t\t\t<\/div>\n\t\t<\/section>\n\t\t\t\t<\/div>\n\t\t","protected":false},"excerpt":{"rendered":"<p>Erh\u00f6hen Sie Ihren Stil mit dem Lora Featherlight Schal &#8211; eine perfekte Mischung aus Eleganz und Komfort. Dieser Schal ist<\/p>\n","protected":false},"featured_media":268162,"comment_status":"open","ping_status":"closed","template":"","meta":[],"product_brand":[],"product_cat":[1614,1127],"product_tag":[1731],"class_list":{"0":"post-278481","1":"product","2":"type-product","3":"status-publish","4":"has-post-thumbnail","6":"product_cat-federleichte-kaschmirschals","7":"product_cat-schals-tucher","8":"product_tag-lightweight-scarves","9":"product_shipping_class-foldable","10":"pa_color-lorbeergrun","11":"pa_material-kaschmir","12":"pa_pattern-boho","13":"pa_pattern-gradient","15":"first","16":"instock","17":"shipping-taxable","18":"purchasable","19":"product-type-simple"},"_links":{"self":[{"href":"https:\/\/peilishop.com\/de\/wp-json\/wp\/v2\/product\/278481","targetHints":{"allow":["GET"]}}],"collection":[{"href":"https:\/\/peilishop.com\/de\/wp-json\/wp\/v2\/product"}],"about":[{"href":"https:\/\/peilishop.com\/de\/wp-json\/wp\/v2\/types\/product"}],"replies":[{"embeddable":true,"href":"https:\/\/peilishop.com\/de\/wp-json\/wp\/v2\/comments?post=278481"}],"version-history":[{"count":0,"href":"https:\/\/peilishop.com\/de\/wp-json\/wp\/v2\/product\/278481\/revisions"}],"wp:featuredmedia":[{"embeddable":true,"href":"https:\/\/peilishop.com\/de\/wp-json\/wp\/v2\/media\/268162"}],"wp:attachment":[{"href":"https:\/\/peilishop.com\/de\/wp-json\/wp\/v2\/media?parent=278481"}],"wp:term":[{"taxonomy":"product_brand","embeddable":true,"href":"https:\/\/peilishop.com\/de\/wp-json\/wp\/v2\/product_brand?post=278481"},{"taxonomy":"product_cat","embeddable":true,"href":"https:\/\/peilishop.com\/de\/wp-json\/wp\/v2\/product_cat?post=278481"},{"taxonomy":"product_tag","embeddable":true,"href":"https:\/\/peilishop.com\/de\/wp-json\/wp\/v2\/product_tag?post=278481"}],"curies":[{"name":"wp","href":"https:\/\/api.w.org\/{rel}","templated":true}]}}