{"id":278424,"date":"2024-06-22T03:24:00","date_gmt":"2024-06-22T07:24:00","guid":{"rendered":"https:\/\/peilishop.com\/product\/deena-wolle-federleichter-schal-wrap\/"},"modified":"2025-04-13T21:52:56","modified_gmt":"2025-04-14T01:52:56","slug":"deena-wolle-federleichter-schal-wrap","status":"publish","type":"product","link":"https:\/\/peilishop.com\/de\/produkt\/deena-wolle-federleichter-schal-wrap\/","title":{"rendered":"Deena Wolle Federleichter Schal Wrap"},"content":{"rendered":"\t\t<div data-elementor-type=\"wp-post\" data-elementor-id=\"278424\" class=\"elementor elementor-278424 elementor-65356\" data-elementor-post-type=\"product\">\n\t\t\t\t\t\t<section class=\"wd-negative-gap elementor-section elementor-top-section elementor-element elementor-element-309ee49 elementor-section-boxed elementor-section-height-default elementor-section-height-default\" data-id=\"309ee49\" data-element_type=\"section\" data-e-type=\"section\">\n\t\t\t\t\t\t<div class=\"elementor-container elementor-column-gap-default\">\n\t\t\t\t\t<div class=\"elementor-column elementor-col-100 elementor-top-column elementor-element elementor-element-27c6e88\" data-id=\"27c6e88\" data-element_type=\"column\" data-e-type=\"column\">\n\t\t\t<div class=\"elementor-widget-wrap elementor-element-populated\">\n\t\t\t\t\t\t<div class=\"elementor-element elementor-element-ffd11f9 color-scheme-inherit text-left elementor-widget elementor-widget-text-editor\" data-id=\"ffd11f9\" data-element_type=\"widget\" data-e-type=\"widget\" data-widget_type=\"text-editor.default\">\n\t\t\t\t<div class=\"elementor-widget-container\">\n\t\t\t\t\t\t\t\t\t<p>Werten Sie Ihre Garderobe mit dem Deena Featherlight Wollschal auf. Das leichte Design bietet ein Gleichgewicht zwischen W\u00e4rme und Atmungsaktivit\u00e4t und ist damit das perfekte Accessoire f\u00fcr jede Jahreszeit. Das Karomuster ist von Hand aus Fransen geschnitten und verleiht ihm einen Hauch von Raffinesse und Eleganz.  <\/p><ul><li><span data-preserver-spaces=\"true\">Material: <\/span><span data-preserver-spaces=\"true\">100% Merinowolle <\/span> <\/li><li>Nat\u00fcrlich gef\u00e4rbt, keine sch\u00e4dlichen Chemikalien<\/li><li><span data-preserver-spaces=\"true\">Gr\u00f6\u00dfe: <\/span><span data-preserver-spaces=\"true\">180cm x 70cm\/ 71&#8243; x 27.6&#8243;<\/span><\/li><li><span data-preserver-spaces=\"true\"><span data-preserver-spaces=\"true\"><span data-preserver-spaces=\"true\"><span data-preserver-spaces=\"true\">Gewicht: 90 Gramm<\/span><\/span><\/span><\/span><\/li><li><span data-preserver-spaces=\"true\"><span data-preserver-spaces=\"true\"><span data-preserver-spaces=\"true\"><span data-preserver-spaces=\"true\"><span data-preserver-spaces=\"true\">Mit Sorgfalt in der inneren Mongolei hergestellt<\/span><\/span><\/span><\/span><\/span><\/li><\/ul>\t\t\t\t\t\t\t\t<\/div>\n\t\t\t\t<\/div>\n\t\t\t\t\t<\/div>\n\t\t<\/div>\n\t\t\t\t\t<\/div>\n\t\t<\/section>\n\t\t\t\t<\/div>\n\t\t","protected":false},"excerpt":{"rendered":"<p>Werten Sie Ihre Garderobe mit dem Deena Featherlight Wollschal auf. Das leichte Design bietet ein Gleichgewicht zwischen W\u00e4rme und Atmungsaktivit\u00e4t<\/p>\n","protected":false},"featured_media":268574,"comment_status":"open","ping_status":"closed","template":"","meta":[],"product_brand":[],"product_cat":[1194],"product_tag":[1130,1195],"class_list":{"0":"post-278424","1":"product","2":"type-product","3":"status-publish","4":"has-post-thumbnail","6":"product_cat-federleichte-schals-aus-wolle","7":"product_tag-fransen","8":"product_tag-gepruft","9":"product_shipping_class-foldable","10":"pa_color-grau","11":"pa_color-hellgrau","12":"pa_color-schwarz","13":"pa_material-wolle","14":"pa_pattern-boho","15":"pa_pattern-fringe","17":"first","18":"instock","19":"sale","20":"shipping-taxable","21":"purchasable","22":"product-type-variable"},"_links":{"self":[{"href":"https:\/\/peilishop.com\/de\/wp-json\/wp\/v2\/product\/278424","targetHints":{"allow":["GET"]}}],"collection":[{"href":"https:\/\/peilishop.com\/de\/wp-json\/wp\/v2\/product"}],"about":[{"href":"https:\/\/peilishop.com\/de\/wp-json\/wp\/v2\/types\/product"}],"replies":[{"embeddable":true,"href":"https:\/\/peilishop.com\/de\/wp-json\/wp\/v2\/comments?post=278424"}],"version-history":[{"count":0,"href":"https:\/\/peilishop.com\/de\/wp-json\/wp\/v2\/product\/278424\/revisions"}],"wp:featuredmedia":[{"embeddable":true,"href":"https:\/\/peilishop.com\/de\/wp-json\/wp\/v2\/media\/268574"}],"wp:attachment":[{"href":"https:\/\/peilishop.com\/de\/wp-json\/wp\/v2\/media?parent=278424"}],"wp:term":[{"taxonomy":"product_brand","embeddable":true,"href":"https:\/\/peilishop.com\/de\/wp-json\/wp\/v2\/product_brand?post=278424"},{"taxonomy":"product_cat","embeddable":true,"href":"https:\/\/peilishop.com\/de\/wp-json\/wp\/v2\/product_cat?post=278424"},{"taxonomy":"product_tag","embeddable":true,"href":"https:\/\/peilishop.com\/de\/wp-json\/wp\/v2\/product_tag?post=278424"}],"curies":[{"name":"wp","href":"https:\/\/api.w.org\/{rel}","templated":true}]}}