{"id":278385,"date":"2024-06-22T09:04:00","date_gmt":"2024-06-22T13:04:00","guid":{"rendered":"https:\/\/peilishop.com\/product\/liana-wolle-federleichter-schal-wrap\/"},"modified":"2025-04-13T21:52:25","modified_gmt":"2025-04-14T01:52:25","slug":"liana-wolle-federleichter-schal-wrap","status":"publish","type":"product","link":"https:\/\/peilishop.com\/de\/produkt\/liana-wolle-federleichter-schal-wrap\/","title":{"rendered":"Liana Wolle Federleichter Schal Wrap"},"content":{"rendered":"\t\t<div data-elementor-type=\"wp-post\" data-elementor-id=\"278385\" class=\"elementor elementor-278385 elementor-65412\" data-elementor-post-type=\"product\">\n\t\t\t\t\t\t<section class=\"wd-negative-gap elementor-section elementor-top-section elementor-element elementor-element-309ee49 elementor-section-boxed elementor-section-height-default elementor-section-height-default\" data-id=\"309ee49\" data-element_type=\"section\" data-e-type=\"section\">\n\t\t\t\t\t\t<div class=\"elementor-container elementor-column-gap-default\">\n\t\t\t\t\t<div class=\"elementor-column elementor-col-100 elementor-top-column elementor-element elementor-element-27c6e88\" data-id=\"27c6e88\" data-element_type=\"column\" data-e-type=\"column\">\n\t\t\t<div class=\"elementor-widget-wrap elementor-element-populated\">\n\t\t\t\t\t\t<div class=\"elementor-element elementor-element-ffd11f9 color-scheme-inherit text-left elementor-widget elementor-widget-text-editor\" data-id=\"ffd11f9\" data-element_type=\"widget\" data-e-type=\"widget\" data-widget_type=\"text-editor.default\">\n\t\t\t\t<div class=\"elementor-widget-container\">\n\t\t\t\t\t\t\t\t\t<p>Mit seinem zarten Karomuster verleiht der Liana Schal jedem Ensemble einen Hauch von zeitlosem Charme. Der aus feinster Wolle gefertigte Schal bietet das ganze Jahr \u00fcber W\u00e4rme und Stil. Er ist in 4 atemberaubenden Farben erh\u00e4ltlich und ist das perfekte Accessoire, um jedes Outfit aufzuwerten.  <\/p><ul><li><span data-preserver-spaces=\"true\">Material: <\/span><span data-preserver-spaces=\"true\">100% Merinowolle <\/span> <\/li><li>Nat\u00fcrlich gef\u00e4rbt, keine sch\u00e4dlichen Chemikalien<\/li><li><span data-preserver-spaces=\"true\">Gr\u00f6\u00dfe: <\/span><span data-preserver-spaces=\"true\">200cmcm x 90cm\/ 78.7&#8243; x 35.4&#8243;<\/span><\/li><li><span data-preserver-spaces=\"true\">Gewicht: 85 Gramm<\/span><\/li><li><span data-preserver-spaces=\"true\">Mit Sorgfalt in der inneren Mongolei hergestellt<\/span><\/li><\/ul>\t\t\t\t\t\t\t\t<\/div>\n\t\t\t\t<\/div>\n\t\t\t\t\t<\/div>\n\t\t<\/div>\n\t\t\t\t\t<\/div>\n\t\t<\/section>\n\t\t\t\t<\/div>\n\t\t","protected":false},"excerpt":{"rendered":"<p>Mit seinem zarten Karomuster verleiht der Liana Schal jedem Ensemble einen Hauch von zeitlosem Charme. Der aus feinster Wolle gefertigte<\/p>\n","protected":false},"featured_media":268718,"comment_status":"open","ping_status":"closed","template":"","meta":[],"product_brand":[],"product_cat":[1194],"product_tag":[1195,1731],"class_list":{"0":"post-278385","1":"product","2":"type-product","3":"status-publish","4":"has-post-thumbnail","6":"product_cat-federleichte-schals-aus-wolle","7":"product_tag-gepruft","8":"product_tag-lightweight-scarves","9":"product_shipping_class-foldable","10":"pa_color-beige-de","11":"pa_color-hellblau","12":"pa_color-rosa-de","13":"pa_color-tinte-blau","14":"pa_material-wolle","15":"pa_pattern-checked","17":"first","18":"instock","19":"shipping-taxable","20":"purchasable","21":"product-type-variable"},"_links":{"self":[{"href":"https:\/\/peilishop.com\/de\/wp-json\/wp\/v2\/product\/278385","targetHints":{"allow":["GET"]}}],"collection":[{"href":"https:\/\/peilishop.com\/de\/wp-json\/wp\/v2\/product"}],"about":[{"href":"https:\/\/peilishop.com\/de\/wp-json\/wp\/v2\/types\/product"}],"replies":[{"embeddable":true,"href":"https:\/\/peilishop.com\/de\/wp-json\/wp\/v2\/comments?post=278385"}],"version-history":[{"count":0,"href":"https:\/\/peilishop.com\/de\/wp-json\/wp\/v2\/product\/278385\/revisions"}],"wp:featuredmedia":[{"embeddable":true,"href":"https:\/\/peilishop.com\/de\/wp-json\/wp\/v2\/media\/268718"}],"wp:attachment":[{"href":"https:\/\/peilishop.com\/de\/wp-json\/wp\/v2\/media?parent=278385"}],"wp:term":[{"taxonomy":"product_brand","embeddable":true,"href":"https:\/\/peilishop.com\/de\/wp-json\/wp\/v2\/product_brand?post=278385"},{"taxonomy":"product_cat","embeddable":true,"href":"https:\/\/peilishop.com\/de\/wp-json\/wp\/v2\/product_cat?post=278385"},{"taxonomy":"product_tag","embeddable":true,"href":"https:\/\/peilishop.com\/de\/wp-json\/wp\/v2\/product_tag?post=278385"}],"curies":[{"name":"wp","href":"https:\/\/api.w.org\/{rel}","templated":true}]}}