{"id":278308,"date":"2024-08-18T03:35:00","date_gmt":"2024-08-18T07:35:00","guid":{"rendered":"https:\/\/peilishop.com\/product\/callie-dreieckstuch-aus-kaschmir\/"},"modified":"2025-04-13T21:51:36","modified_gmt":"2025-04-14T01:51:36","slug":"callie-dreieckstuch-aus-kaschmir","status":"publish","type":"product","link":"https:\/\/peilishop.com\/de\/produkt\/callie-dreieckstuch-aus-kaschmir\/","title":{"rendered":"Callie Dreieckstuch aus Kaschmir"},"content":{"rendered":"\t\t<div data-elementor-type=\"wp-post\" data-elementor-id=\"278308\" class=\"elementor elementor-278308 elementor-207681\" data-elementor-post-type=\"product\">\n\t\t\t\t\t\t<section class=\"wd-negative-gap elementor-section elementor-top-section elementor-element elementor-element-309ee49 elementor-section-boxed elementor-section-height-default elementor-section-height-default\" data-id=\"309ee49\" data-element_type=\"section\" data-e-type=\"section\">\n\t\t\t\t\t\t<div class=\"elementor-container elementor-column-gap-default\">\n\t\t\t\t\t<div class=\"elementor-column elementor-col-100 elementor-top-column elementor-element elementor-element-27c6e88\" data-id=\"27c6e88\" data-element_type=\"column\" data-e-type=\"column\">\n\t\t\t<div class=\"elementor-widget-wrap elementor-element-populated\">\n\t\t\t\t\t\t<div class=\"elementor-element elementor-element-ffd11f9 color-scheme-inherit text-left elementor-widget elementor-widget-text-editor\" data-id=\"ffd11f9\" data-element_type=\"widget\" data-e-type=\"widget\" data-widget_type=\"text-editor.default\">\n\t\t\t\t<div class=\"elementor-widget-container\">\n\t\t\t\t\t\t\t\t\t<p>Callie ist aus feinstem Kaschmir gefertigt, der leicht ist und sich unglaublich weich anf\u00fchlt. Sie ist mit glatten, handgerollten Kanten und \u00fcbertriebenen Quasten versehen und verleiht jedem Anlass einen Hauch von Eleganz und Raffinesse. <\/p>\n<ul>\n<li><span data-preserver-spaces=\"true\">Material: <\/span><span data-preserver-spaces=\"true\">100% Mongolisches Kaschmir der G\u00fcteklasse A <\/span> <\/li>\n<li>Nat\u00fcrlich gef\u00e4rbt, keine sch\u00e4dlichen Chemikalien<\/li>\n\n<li><span data-preserver-spaces=\"true\">Gr\u00f6\u00dfe: <\/span><span data-preserver-spaces=\"true\">194cm x 84cm \/ 76.4\u2033 x 33\u2033<\/span><\/li>\n<li><span data-preserver-spaces=\"true\">Gewicht: 125 Gramm<\/span><\/li>\n<li><span data-preserver-spaces=\"true\">Mit Sorgfalt in der inneren Mongolei hergestellt<\/span><\/li>\n<\/ul>\t\t\t\t\t\t\t\t<\/div>\n\t\t\t\t<\/div>\n\t\t\t\t\t<\/div>\n\t\t<\/div>\n\t\t\t\t\t<\/div>\n\t\t<\/section>\n\t\t\t\t<\/div>\n\t\t","protected":false},"excerpt":{"rendered":"<p>Callie ist aus feinstem Kaschmir gefertigt, der leicht ist und sich unglaublich weich anf\u00fchlt. Sie ist mit glatten, handgerollten Kanten<\/p>\n","protected":false},"featured_media":280581,"comment_status":"open","ping_status":"closed","template":"","meta":[],"product_brand":[],"product_cat":[1746],"product_tag":[1232],"class_list":{"0":"post-278308","1":"product","2":"type-product","3":"status-publish","4":"has-post-thumbnail","6":"product_cat-klassische-kaschmirschals","7":"product_tag-einfach","8":"product_shipping_class-foldable","9":"pa_color-beige-de","10":"pa_material-kaschmir","11":"pa_pattern-plain","13":"first","14":"instock","15":"shipping-taxable","16":"purchasable","17":"product-type-simple"},"_links":{"self":[{"href":"https:\/\/peilishop.com\/de\/wp-json\/wp\/v2\/product\/278308","targetHints":{"allow":["GET"]}}],"collection":[{"href":"https:\/\/peilishop.com\/de\/wp-json\/wp\/v2\/product"}],"about":[{"href":"https:\/\/peilishop.com\/de\/wp-json\/wp\/v2\/types\/product"}],"replies":[{"embeddable":true,"href":"https:\/\/peilishop.com\/de\/wp-json\/wp\/v2\/comments?post=278308"}],"version-history":[{"count":0,"href":"https:\/\/peilishop.com\/de\/wp-json\/wp\/v2\/product\/278308\/revisions"}],"wp:featuredmedia":[{"embeddable":true,"href":"https:\/\/peilishop.com\/de\/wp-json\/wp\/v2\/media\/280581"}],"wp:attachment":[{"href":"https:\/\/peilishop.com\/de\/wp-json\/wp\/v2\/media?parent=278308"}],"wp:term":[{"taxonomy":"product_brand","embeddable":true,"href":"https:\/\/peilishop.com\/de\/wp-json\/wp\/v2\/product_brand?post=278308"},{"taxonomy":"product_cat","embeddable":true,"href":"https:\/\/peilishop.com\/de\/wp-json\/wp\/v2\/product_cat?post=278308"},{"taxonomy":"product_tag","embeddable":true,"href":"https:\/\/peilishop.com\/de\/wp-json\/wp\/v2\/product_tag?post=278308"}],"curies":[{"name":"wp","href":"https:\/\/api.w.org\/{rel}","templated":true}]}}