{"id":278292,"date":"2024-11-02T03:25:00","date_gmt":"2024-11-02T07:25:00","guid":{"rendered":"https:\/\/peilishop.com\/product\/zubi-kaschmirschal-mit-farbverlauf\/"},"modified":"2025-04-14T08:34:33","modified_gmt":"2025-04-14T12:34:33","slug":"zubi-kaschmirschal-mit-farbverlauf","status":"publish","type":"product","link":"https:\/\/peilishop.com\/de\/produkt\/zubi-kaschmirschal-mit-farbverlauf\/","title":{"rendered":"Zubi Kaschmirschal mit Farbverlauf"},"content":{"rendered":"\t\t<div data-elementor-type=\"wp-post\" data-elementor-id=\"278292\" class=\"elementor elementor-278292 elementor-30635\" data-elementor-post-type=\"product\">\n\t\t\t\t\t\t<section class=\"wd-negative-gap elementor-section elementor-top-section elementor-element elementor-element-309ee49 elementor-section-boxed elementor-section-height-default elementor-section-height-default\" data-id=\"309ee49\" data-element_type=\"section\" data-e-type=\"section\">\n\t\t\t\t\t\t<div class=\"elementor-container elementor-column-gap-default\">\n\t\t\t\t\t<div class=\"elementor-column elementor-col-100 elementor-top-column elementor-element elementor-element-27c6e88\" data-id=\"27c6e88\" data-element_type=\"column\" data-e-type=\"column\">\n\t\t\t<div class=\"elementor-widget-wrap elementor-element-populated\">\n\t\t\t\t\t\t<div class=\"elementor-element elementor-element-ffd11f9 color-scheme-inherit text-left elementor-widget elementor-widget-text-editor\" data-id=\"ffd11f9\" data-element_type=\"widget\" data-e-type=\"widget\" data-widget_type=\"text-editor.default\">\n\t\t\t\t<div class=\"elementor-widget-container\">\n\t\t\t\t\t\t\t\t\t<p><span data-preserver-spaces=\"true\">Peppen Sie Ihre Garderobe f\u00fcr die kalte Jahreszeit mit diesem sch\u00f6nen Schal auf <\/span>. Zubi wurde aus 100 % mongolischem Kaschmir der G\u00fcteklasse A gefertigt und zeichnet sich durch einen Farbverlauf und \u00fcbertriebene Fransen aus. Wickeln Sie ihn um den Hals<span data-preserver-spaces=\"true\"> und werten Sie Ihr Accessoire in dieser Saison auf.<br><\/span>  <\/p>\n<ul>\n<li><span data-preserver-spaces=\"true\">Material: <\/span><span data-preserver-spaces=\"true\">100% Mongolisches Kaschmir der G\u00fcteklasse A <\/span> <\/li>\n<li>Nat\u00fcrlich gef\u00e4rbt, keine sch\u00e4dlichen Chemikalien<\/li>\n<li><span data-preserver-spaces=\"true\">  Komfort: Himmlisch weich und atmungsaktiv, kein Jucken oder \u00dcberhitzen.<\/span><\/li>\n<li><span data-preserver-spaces=\"true\">Rechteckige Form<\/span><\/li>\n<li><span data-preserver-spaces=\"true\">Gr\u00f6\u00dfe: 190cm x 35cm\/ 74.8&#8243; x 13.77&#8243;<\/span><\/li>\n<li><span data-preserver-spaces=\"true\"><span data-preserver-spaces=\"true\"><span data-preserver-spaces=\"true\"><span data-preserver-spaces=\"true\">Leichtgewicht: 160 Gramm<\/span><\/span><\/span><\/span><\/li>\n<li><span data-preserver-spaces=\"true\"><span data-preserver-spaces=\"true\"><span data-preserver-spaces=\"true\"><span data-preserver-spaces=\"true\"><span data-preserver-spaces=\"true\">Mit Sorgfalt in der inneren Mongolei hergestellt<\/span><\/span><\/span><\/span><\/span><span data-preserver-spaces=\"true\"><br><\/span><\/li>\n<\/ul>\t\t\t\t\t\t\t\t<\/div>\n\t\t\t\t<\/div>\n\t\t\t\t\t<\/div>\n\t\t<\/div>\n\t\t\t\t\t<\/div>\n\t\t<\/section>\n\t\t\t\t<\/div>\n\t\t","protected":false},"excerpt":{"rendered":"<p>Peppen Sie Ihre Garderobe f\u00fcr die kalte Jahreszeit mit diesem sch\u00f6nen Schal auf . Zubi wurde aus 100 % mongolischem<\/p>\n","protected":false},"featured_media":280536,"comment_status":"open","ping_status":"closed","template":"","meta":[],"product_brand":[],"product_cat":[1746],"product_tag":[1768],"class_list":{"0":"post-278292","1":"product","2":"type-product","3":"status-publish","4":"has-post-thumbnail","6":"product_cat-klassische-kaschmirschals","7":"product_tag-farbverlauf","8":"product_shipping_class-foldable","9":"pa_color-blassviolett-rot","10":"pa_color-braun","11":"pa_color-burgunderrot","12":"pa_color-denim-blau","13":"pa_color-goldgelb","14":"pa_color-hellrot","15":"pa_color-kakaobraun","16":"pa_color-puderblau","17":"pa_color-turkisblau","18":"pa_material-kaschmir","19":"pa_pattern-colorblock","20":"pa_pattern-fringe","21":"pa_pattern-playful","23":"first","24":"instock","25":"shipping-taxable","26":"purchasable","27":"product-type-variable"},"_links":{"self":[{"href":"https:\/\/peilishop.com\/de\/wp-json\/wp\/v2\/product\/278292","targetHints":{"allow":["GET"]}}],"collection":[{"href":"https:\/\/peilishop.com\/de\/wp-json\/wp\/v2\/product"}],"about":[{"href":"https:\/\/peilishop.com\/de\/wp-json\/wp\/v2\/types\/product"}],"replies":[{"embeddable":true,"href":"https:\/\/peilishop.com\/de\/wp-json\/wp\/v2\/comments?post=278292"}],"version-history":[{"count":0,"href":"https:\/\/peilishop.com\/de\/wp-json\/wp\/v2\/product\/278292\/revisions"}],"wp:featuredmedia":[{"embeddable":true,"href":"https:\/\/peilishop.com\/de\/wp-json\/wp\/v2\/media\/280536"}],"wp:attachment":[{"href":"https:\/\/peilishop.com\/de\/wp-json\/wp\/v2\/media?parent=278292"}],"wp:term":[{"taxonomy":"product_brand","embeddable":true,"href":"https:\/\/peilishop.com\/de\/wp-json\/wp\/v2\/product_brand?post=278292"},{"taxonomy":"product_cat","embeddable":true,"href":"https:\/\/peilishop.com\/de\/wp-json\/wp\/v2\/product_cat?post=278292"},{"taxonomy":"product_tag","embeddable":true,"href":"https:\/\/peilishop.com\/de\/wp-json\/wp\/v2\/product_tag?post=278292"}],"curies":[{"name":"wp","href":"https:\/\/api.w.org\/{rel}","templated":true}]}}