{"id":278209,"date":"2024-11-03T06:54:00","date_gmt":"2024-11-03T11:54:00","guid":{"rendered":"https:\/\/peilishop.com\/product\/hom-schluesselloch-kaschmirschal\/"},"modified":"2025-04-13T21:49:57","modified_gmt":"2025-04-14T01:49:57","slug":"hom-schluesselloch-kaschmirschal","status":"publish","type":"product","link":"https:\/\/peilishop.com\/de\/produkt\/hom-schluesselloch-kaschmirschal\/","title":{"rendered":"Hom Schl\u00fcsselloch Kaschmirschal"},"content":{"rendered":"\t\t<div data-elementor-type=\"wp-post\" data-elementor-id=\"278209\" class=\"elementor elementor-278209 elementor-31254\" data-elementor-post-type=\"product\">\n\t\t\t\t\t\t<section class=\"wd-negative-gap elementor-section elementor-top-section elementor-element elementor-element-309ee49 elementor-section-boxed elementor-section-height-default elementor-section-height-default\" data-id=\"309ee49\" data-element_type=\"section\" data-e-type=\"section\">\n\t\t\t\t\t\t<div class=\"elementor-container elementor-column-gap-default\">\n\t\t\t\t\t<div class=\"elementor-column elementor-col-100 elementor-top-column elementor-element elementor-element-27c6e88\" data-id=\"27c6e88\" data-element_type=\"column\" data-e-type=\"column\">\n\t\t\t<div class=\"elementor-widget-wrap elementor-element-populated\">\n\t\t\t\t\t\t<div class=\"elementor-element elementor-element-ffd11f9 color-scheme-inherit text-left elementor-widget elementor-widget-text-editor\" data-id=\"ffd11f9\" data-element_type=\"widget\" data-e-type=\"widget\" data-widget_type=\"text-editor.default\">\n\t\t\t\t<div class=\"elementor-widget-container\">\n\t\t\t\t\t\t\t\t\t<p>Dieser bezaubernde Schal ist perfekt, um Ihren Hals sch\u00f6n warm zu halten, sobald die Temperaturen sinken. Er ist kunstvoll aus 100% mongolischem Kaschmir der G\u00fcteklasse A in einem einzigartigen Muster gewebt. Ein praktischer Durchziehverschluss sorgt daf\u00fcr, dass er an Ort und Stelle bleibt und verleiht Ihrem Look ein h\u00fcbsches Bindedetail.  <\/p><ul><li><span data-preserver-spaces=\"true\">Material: <\/span><span data-preserver-spaces=\"true\">100% Mongolisches Kaschmir der G\u00fcteklasse A<br><\/span><\/li><li>Nat\u00fcrlich gef\u00e4rbt, keine sch\u00e4dlichen Chemikalien<\/li><li><span data-preserver-spaces=\"true\">  Komfort: Himmlisch weich und atmungsaktiv, kein Jucken oder \u00dcberhitzen<\/span><\/li><li style=\"text-align: left;\">Durchziehbarer Verschluss<\/li><li>Gr\u00f6\u00dfe: 82cm x 21cm\/ 32.28&#8243; x 8.27&#8243;<\/li><li>Leichtgewicht: 52 Gramm<\/li><li><span data-preserver-spaces=\"true\">Mit Sorgfalt in der inneren Mongolei hergestellt<\/span><\/li><\/ul>\t\t\t\t\t\t\t\t<\/div>\n\t\t\t\t<\/div>\n\t\t\t\t\t<\/div>\n\t\t<\/div>\n\t\t\t\t\t<\/div>\n\t\t<\/section>\n\t\t\t\t<\/div>\n\t\t","protected":false},"excerpt":{"rendered":"<p>Dieser bezaubernde Schal ist perfekt, um Ihren Hals sch\u00f6n warm zu halten, sobald die Temperaturen sinken. Er ist kunstvoll aus<\/p>\n","protected":false},"featured_media":325921,"comment_status":"open","ping_status":"closed","template":"","meta":[],"product_brand":[],"product_cat":[1343,1127],"product_tag":[1195,1731],"class_list":{"0":"post-278209","1":"product","2":"type-product","3":"status-publish","4":"has-post-thumbnail","6":"product_cat-kaschmir-schals","7":"product_cat-schals-tucher","8":"product_tag-gepruft","9":"product_tag-lightweight-scarves","10":"product_shipping_class-foldable","11":"pa_color-beige-de","12":"pa_color-braun","13":"pa_color-schwarz","14":"pa_material-kaschmir","15":"pa_pattern-abstract","17":"first","18":"instock","19":"shipping-taxable","20":"purchasable","21":"product-type-variable"},"_links":{"self":[{"href":"https:\/\/peilishop.com\/de\/wp-json\/wp\/v2\/product\/278209","targetHints":{"allow":["GET"]}}],"collection":[{"href":"https:\/\/peilishop.com\/de\/wp-json\/wp\/v2\/product"}],"about":[{"href":"https:\/\/peilishop.com\/de\/wp-json\/wp\/v2\/types\/product"}],"replies":[{"embeddable":true,"href":"https:\/\/peilishop.com\/de\/wp-json\/wp\/v2\/comments?post=278209"}],"version-history":[{"count":0,"href":"https:\/\/peilishop.com\/de\/wp-json\/wp\/v2\/product\/278209\/revisions"}],"wp:featuredmedia":[{"embeddable":true,"href":"https:\/\/peilishop.com\/de\/wp-json\/wp\/v2\/media\/325921"}],"wp:attachment":[{"href":"https:\/\/peilishop.com\/de\/wp-json\/wp\/v2\/media?parent=278209"}],"wp:term":[{"taxonomy":"product_brand","embeddable":true,"href":"https:\/\/peilishop.com\/de\/wp-json\/wp\/v2\/product_brand?post=278209"},{"taxonomy":"product_cat","embeddable":true,"href":"https:\/\/peilishop.com\/de\/wp-json\/wp\/v2\/product_cat?post=278209"},{"taxonomy":"product_tag","embeddable":true,"href":"https:\/\/peilishop.com\/de\/wp-json\/wp\/v2\/product_tag?post=278209"}],"curies":[{"name":"wp","href":"https:\/\/api.w.org\/{rel}","templated":true}]}}