{"id":278158,"date":"2024-11-06T03:36:00","date_gmt":"2024-11-06T08:36:00","guid":{"rendered":"https:\/\/peilishop.com\/product\/kendra-kaschmir-halb-poncho\/"},"modified":"2025-04-13T21:49:35","modified_gmt":"2025-04-14T01:49:35","slug":"kendra-kaschmir-halb-poncho","status":"publish","type":"product","link":"https:\/\/peilishop.com\/de\/produkt\/kendra-kaschmir-halb-poncho\/","title":{"rendered":"Kendra Kaschmir Halb-Poncho"},"content":{"rendered":"\t\t<div data-elementor-type=\"wp-post\" data-elementor-id=\"278158\" class=\"elementor elementor-278158 elementor-209400\" data-elementor-post-type=\"product\">\n\t\t\t\t\t\t<section class=\"wd-negative-gap elementor-section elementor-top-section elementor-element elementor-element-309ee49 elementor-section-boxed elementor-section-height-default elementor-section-height-default\" data-id=\"309ee49\" data-element_type=\"section\" data-e-type=\"section\">\n\t\t\t\t\t\t<div class=\"elementor-container elementor-column-gap-default\">\n\t\t\t\t\t<div class=\"elementor-column elementor-col-100 elementor-top-column elementor-element elementor-element-27c6e88\" data-id=\"27c6e88\" data-element_type=\"column\" data-e-type=\"column\">\n\t\t\t<div class=\"elementor-widget-wrap elementor-element-populated\">\n\t\t\t\t\t\t<div class=\"elementor-element elementor-element-ffd11f9 color-scheme-inherit text-left elementor-widget elementor-widget-text-editor\" data-id=\"ffd11f9\" data-element_type=\"widget\" data-e-type=\"widget\" data-widget_type=\"text-editor.default\">\n\t\t\t\t<div class=\"elementor-widget-container\">\n\t\t\t\t\t\t\t\t\t<p>Dieser leichte Halbponch ist aus feinstem Kaschmir gefertigt und einzigartig in seiner Vielseitigkeit. Seine flie\u00dfende Silhouette schmiegt sich m\u00fchelos an den K\u00f6rper und spendet genau die richtige Menge an W\u00e4rme, ohne sich sperrig oder einschr\u00e4nkend anzuf\u00fchlen. <\/p><ul><li><span data-preserver-spaces=\"true\">Material: <\/span><span data-preserver-spaces=\"true\">100% Mongolisches Kaschmir der G\u00fcteklasse A <\/span> <\/li><li>Nat\u00fcrlich gef\u00e4rbt, keine sch\u00e4dlichen Chemikalien<\/li><li><span data-preserver-spaces=\"true\">Gr\u00f6\u00dfe: 52cm x <\/span><span data-preserver-spaces=\"true\">96cm x 45cm \/ 27.5\u2033 x 37.8\u2033 x17.7\u2033<\/span><\/li><li><span data-preserver-spaces=\"true\">Gewicht: 156 Gramm<\/span><\/li><li><span data-preserver-spaces=\"true\">Mit Sorgfalt in der inneren Mongolei hergestellt<\/span><\/li><li>Inklusive KOSTENLOSER Geschenkbox mit optionalen Geschenkbotschaften<\/li><\/ul>\t\t\t\t\t\t\t\t<\/div>\n\t\t\t\t<\/div>\n\t\t\t\t\t<\/div>\n\t\t<\/div>\n\t\t\t\t\t<\/div>\n\t\t<\/section>\n\t\t\t\t<\/div>\n\t\t","protected":false},"excerpt":{"rendered":"<p>Dieser leichte Halbponch ist aus feinstem Kaschmir gefertigt und einzigartig in seiner Vielseitigkeit. Seine flie\u00dfende Silhouette schmiegt sich m\u00fchelos an<\/p>\n","protected":false},"featured_media":280282,"comment_status":"open","ping_status":"closed","template":"","meta":[],"product_brand":[],"product_cat":[1230,1127],"product_tag":[1232],"class_list":{"0":"post-278158","1":"product","2":"type-product","3":"status-publish","4":"has-post-thumbnail","6":"product_cat-tragbare-kaschmir-wraps","7":"product_cat-schals-tucher","8":"product_tag-einfach","9":"product_shipping_class-foldable","10":"pa_color-beige-de","11":"pa_color-burgunderrot","12":"pa_color-grau","13":"pa_color-khaki-de","14":"pa_color-schwarz","15":"pa_color-weis","16":"pa_material-kaschmir","17":"pa_pattern-plain","19":"first","20":"instock","21":"shipping-taxable","22":"purchasable","23":"product-type-variable"},"_links":{"self":[{"href":"https:\/\/peilishop.com\/de\/wp-json\/wp\/v2\/product\/278158","targetHints":{"allow":["GET"]}}],"collection":[{"href":"https:\/\/peilishop.com\/de\/wp-json\/wp\/v2\/product"}],"about":[{"href":"https:\/\/peilishop.com\/de\/wp-json\/wp\/v2\/types\/product"}],"replies":[{"embeddable":true,"href":"https:\/\/peilishop.com\/de\/wp-json\/wp\/v2\/comments?post=278158"}],"version-history":[{"count":0,"href":"https:\/\/peilishop.com\/de\/wp-json\/wp\/v2\/product\/278158\/revisions"}],"wp:featuredmedia":[{"embeddable":true,"href":"https:\/\/peilishop.com\/de\/wp-json\/wp\/v2\/media\/280282"}],"wp:attachment":[{"href":"https:\/\/peilishop.com\/de\/wp-json\/wp\/v2\/media?parent=278158"}],"wp:term":[{"taxonomy":"product_brand","embeddable":true,"href":"https:\/\/peilishop.com\/de\/wp-json\/wp\/v2\/product_brand?post=278158"},{"taxonomy":"product_cat","embeddable":true,"href":"https:\/\/peilishop.com\/de\/wp-json\/wp\/v2\/product_cat?post=278158"},{"taxonomy":"product_tag","embeddable":true,"href":"https:\/\/peilishop.com\/de\/wp-json\/wp\/v2\/product_tag?post=278158"}],"curies":[{"name":"wp","href":"https:\/\/api.w.org\/{rel}","templated":true}]}}