{"id":278100,"date":"2024-11-22T21:38:00","date_gmt":"2024-11-23T02:38:00","guid":{"rendered":"https:\/\/peilishop.com\/product\/ena-kaschmir-muetze\/"},"modified":"2025-04-13T21:49:06","modified_gmt":"2025-04-14T01:49:06","slug":"ena-kaschmir-muetze","status":"publish","type":"product","link":"https:\/\/peilishop.com\/de\/produkt\/ena-kaschmir-muetze\/","title":{"rendered":"Ena Kaschmir M\u00fctze"},"content":{"rendered":"\t\t<div data-elementor-type=\"wp-post\" data-elementor-id=\"278100\" class=\"elementor elementor-278100 elementor-209820\" data-elementor-post-type=\"product\">\n\t\t\t\t\t\t<section class=\"wd-negative-gap elementor-section elementor-top-section elementor-element elementor-element-309ee49 elementor-section-boxed elementor-section-height-default elementor-section-height-default\" data-id=\"309ee49\" data-element_type=\"section\" data-e-type=\"section\">\n\t\t\t\t\t\t<div class=\"elementor-container elementor-column-gap-default\">\n\t\t\t\t\t<div class=\"elementor-column elementor-col-100 elementor-top-column elementor-element elementor-element-27c6e88\" data-id=\"27c6e88\" data-element_type=\"column\" data-e-type=\"column\">\n\t\t\t<div class=\"elementor-widget-wrap elementor-element-populated\">\n\t\t\t\t\t\t<div class=\"elementor-element elementor-element-ffd11f9 color-scheme-inherit text-left elementor-widget elementor-widget-text-editor\" data-id=\"ffd11f9\" data-element_type=\"widget\" data-e-type=\"widget\" data-widget_type=\"text-editor.default\">\n\t\t\t\t<div class=\"elementor-widget-container\">\n\t\t\t\t\t\t\t\t\t<p style=\"text-align: left;\"><span data-preserver-spaces=\"true\">  Ena ist eine stilvolle Erg\u00e4nzung f\u00fcr Ihre Accessoire-Garderobe. Es ist aus butterweichem Kaschmir gewebt und   <\/span><span data-preserver-spaces=\"true\">eine klassische Beanie-Silhouette<\/span><span data-preserver-spaces=\"true\">. Das lebhafte Streifendesign ist der perfekte Weg, um einem Outfit einen Hauch von Farbe zu verleihen und gleichzeitig gem\u00fctlich zu bleiben.  <br><\/span><\/p><ul><li style=\"text-align: left;\"><span data-preserver-spaces=\"true\">Material: 100% <\/span><span data-preserver-spaces=\"true\">Mongolisch<br><\/span><\/li><li>Nat\u00fcrlich gef\u00e4rbt, keine sch\u00e4dlichen Chemikalien<\/li><li><span data-preserver-spaces=\"true\">  Komfort: Himmlisch weich und atmungsaktiv, kein Jucken oder \u00dcberhitzen<\/span><\/li><li><span data-preserver-spaces=\"true\">Gr\u00f6\u00dfe:<\/span><span data-preserver-spaces=\"true\">25cm x 26cm \/ 9.84\u2033 x 10.23\u2033<\/span><\/li><li><span data-preserver-spaces=\"true\">Leichtgewicht: 40 Gramm<\/span><\/li><li><span data-preserver-spaces=\"true\"><span data-preserver-spaces=\"true\">Mit Sorgfalt in der inneren Mongolei hergestellt<\/span><\/span><\/li><\/ul>\t\t\t\t\t\t\t\t<\/div>\n\t\t\t\t<\/div>\n\t\t\t\t\t<\/div>\n\t\t<\/div>\n\t\t\t\t\t<\/div>\n\t\t<\/section>\n\t\t\t\t<\/div>\n\t\t","protected":false},"excerpt":{"rendered":"<p>Ena ist eine stilvolle Erg\u00e4nzung f\u00fcr Ihre Accessoire-Garderobe. Es ist aus butterweichem Kaschmir gewebt und eine klassische Beanie-Silhouette. Das lebhafte<\/p>\n","protected":false},"featured_media":280159,"comment_status":"open","ping_status":"closed","template":"","meta":[],"product_brand":[],"product_cat":[1606,1610,1344],"product_tag":[1417],"class_list":{"0":"post-278100","1":"product","2":"type-product","3":"status-publish","4":"has-post-thumbnail","6":"product_cat-hute","7":"product_cat-barette-mutzen","8":"product_cat-kaschmir-hute","9":"product_tag-gestreift","10":"product_shipping_class-foldable","11":"pa_color-braun","12":"pa_color-mandarine-de","13":"pa_color-schwarz","14":"pa_color-weintraube-lila","15":"pa_material-kaschmir","16":"pa_pattern-colorblock","18":"first","19":"instock","20":"shipping-taxable","21":"purchasable","22":"product-type-variable"},"_links":{"self":[{"href":"https:\/\/peilishop.com\/de\/wp-json\/wp\/v2\/product\/278100","targetHints":{"allow":["GET"]}}],"collection":[{"href":"https:\/\/peilishop.com\/de\/wp-json\/wp\/v2\/product"}],"about":[{"href":"https:\/\/peilishop.com\/de\/wp-json\/wp\/v2\/types\/product"}],"replies":[{"embeddable":true,"href":"https:\/\/peilishop.com\/de\/wp-json\/wp\/v2\/comments?post=278100"}],"version-history":[{"count":0,"href":"https:\/\/peilishop.com\/de\/wp-json\/wp\/v2\/product\/278100\/revisions"}],"wp:featuredmedia":[{"embeddable":true,"href":"https:\/\/peilishop.com\/de\/wp-json\/wp\/v2\/media\/280159"}],"wp:attachment":[{"href":"https:\/\/peilishop.com\/de\/wp-json\/wp\/v2\/media?parent=278100"}],"wp:term":[{"taxonomy":"product_brand","embeddable":true,"href":"https:\/\/peilishop.com\/de\/wp-json\/wp\/v2\/product_brand?post=278100"},{"taxonomy":"product_cat","embeddable":true,"href":"https:\/\/peilishop.com\/de\/wp-json\/wp\/v2\/product_cat?post=278100"},{"taxonomy":"product_tag","embeddable":true,"href":"https:\/\/peilishop.com\/de\/wp-json\/wp\/v2\/product_tag?post=278100"}],"curies":[{"name":"wp","href":"https:\/\/api.w.org\/{rel}","templated":true}]}}