{"id":205193,"date":"2023-07-17T10:05:57","date_gmt":"2023-07-17T14:05:57","guid":{"rendered":"https:\/\/peilishop.com\/rueckgabe-rueckerstattung\/"},"modified":"2024-08-05T14:36:58","modified_gmt":"2024-08-05T18:36:58","slug":"rueckgabe-rueckerstattung","status":"publish","type":"page","link":"https:\/\/peilishop.com\/de\/rueckgabe-rueckerstattung\/","title":{"rendered":"R\u00fcckgabe &amp; R\u00fcckerstattung"},"content":{"rendered":"\t\t<div data-elementor-type=\"wp-page\" data-elementor-id=\"205193\" class=\"elementor elementor-205193 elementor-57642\" data-elementor-post-type=\"page\">\n\t\t\t\t\t\t<section class=\"wd-negative-gap elementor-section elementor-top-section elementor-element elementor-element-ee06d48 elementor-section-boxed elementor-section-height-default elementor-section-height-default\" data-id=\"ee06d48\" data-element_type=\"section\" data-e-type=\"section\">\n\t\t\t\t\t\t<div class=\"elementor-container elementor-column-gap-default\">\n\t\t\t\t\t<div class=\"elementor-column elementor-col-100 elementor-top-column elementor-element elementor-element-acf9b35\" data-id=\"acf9b35\" data-element_type=\"column\" data-e-type=\"column\">\n\t\t\t<div class=\"elementor-widget-wrap elementor-element-populated\">\n\t\t\t\t\t\t<section class=\"wd-negative-gap elementor-section elementor-inner-section elementor-element elementor-element-6e331fe elementor-section-boxed elementor-section-height-default elementor-section-height-default\" data-id=\"6e331fe\" data-element_type=\"section\" data-e-type=\"section\">\n\t\t\t\t\t\t<div class=\"elementor-container elementor-column-gap-default\">\n\t\t\t\t\t<div class=\"elementor-column elementor-col-100 elementor-inner-column elementor-element elementor-element-76b9ce4\" data-id=\"76b9ce4\" data-element_type=\"column\" data-e-type=\"column\">\n\t\t\t<div class=\"elementor-widget-wrap elementor-element-populated\">\n\t\t\t\t\t\t<div class=\"elementor-element elementor-element-4ac31d7 elementor-widget elementor-widget-heading\" data-id=\"4ac31d7\" data-element_type=\"widget\" data-e-type=\"widget\" data-widget_type=\"heading.default\">\n\t\t\t\t<div class=\"elementor-widget-container\">\n\t\t\t\t\t<h2 class=\"elementor-heading-title elementor-size-default\">- R\u00fcckgabe Bedingung<\/h2>\t\t\t\t<\/div>\n\t\t\t\t<\/div>\n\t\t\t\t\t<\/div>\n\t\t<\/div>\n\t\t\t\t\t<\/div>\n\t\t<\/section>\n\t\t\t\t<div class=\"elementor-element elementor-element-449310e color-scheme-inherit text-left elementor-widget elementor-widget-text-editor\" data-id=\"449310e\" data-element_type=\"widget\" data-e-type=\"widget\" data-widget_type=\"text-editor.default\">\n\t\t\t\t<div class=\"elementor-widget-container\">\n\t\t\t\t\t\t\t\t\t<ul>\n<li><span data-preserver-spaces=\"true\">Sie haben 14 Tage Zeit<\/span><span data-preserver-spaces=\"true\">  nach Erhalt Ihrer Artikel, um zu entscheiden, ob die Artikel f\u00fcr Sie geeignet sind.\nWir nehmen ungetragene, ungewaschene oder defekte Artikel, die Sie gekauft haben, gerne zur\u00fcck. <\/span><\/li>\n\n<li><span data-preserver-spaces=\"true\">Sie k\u00f6nnen keine Artikel zur\u00fcckgeben, die getragen, gewaschen oder besch\u00e4digt sind und bei denen die Originaletiketten entfernt wurden.<\/span><\/li>\n<li>Wir k\u00f6nnen es uns nicht leisten, den &#8222;Kauf-man-h\u00e4lt-einen&#8220;-Kauf zu akzeptieren.\nUnser Kundenservice kann eine Bestellung stornieren, von der wir annehmen, dass sie in dieser Absicht get\u00e4tigt wurde, oder <span>den Antrag auf Erstattung ablehnen.<\/span> <\/li>\n<li>Wir behalten uns das Recht vor, die R\u00fcckgabe abzulehnen, wenn sie in einem inakzeptablen Zustand oder ohne unser vorheriges Wissen empfangen wurde.<\/li>\n<li>Wir haften nicht f\u00fcr verloren gegangene oder besch\u00e4digte R\u00fccksendungen. Bitte bewahren Sie die Quittung mit den Tracking-Informationen auf.<\/li>\n<\/ul>\t\t\t\t\t\t\t\t<\/div>\n\t\t\t\t<\/div>\n\t\t\t\t\t<\/div>\n\t\t<\/div>\n\t\t\t\t\t<\/div>\n\t\t<\/section>\n\t\t\t\t<section class=\"wd-negative-gap elementor-section elementor-top-section elementor-element elementor-element-1912e97 elementor-section-boxed elementor-section-height-default elementor-section-height-default\" data-id=\"1912e97\" data-element_type=\"section\" data-e-type=\"section\">\n\t\t\t\t\t\t<div class=\"elementor-container elementor-column-gap-default\">\n\t\t\t\t\t<div class=\"elementor-column elementor-col-100 elementor-top-column elementor-element elementor-element-6fead1f\" data-id=\"6fead1f\" data-element_type=\"column\" data-e-type=\"column\">\n\t\t\t<div class=\"elementor-widget-wrap elementor-element-populated\">\n\t\t\t\t\t\t<section class=\"wd-negative-gap elementor-section elementor-inner-section elementor-element elementor-element-9aee7d9 elementor-section-boxed elementor-section-height-default elementor-section-height-default\" data-id=\"9aee7d9\" data-element_type=\"section\" data-e-type=\"section\">\n\t\t\t\t\t\t<div class=\"elementor-container elementor-column-gap-default\">\n\t\t\t\t\t<div class=\"elementor-column elementor-col-100 elementor-inner-column elementor-element elementor-element-2814158\" data-id=\"2814158\" data-element_type=\"column\" data-e-type=\"column\">\n\t\t\t<div class=\"elementor-widget-wrap elementor-element-populated\">\n\t\t\t\t\t\t<div class=\"elementor-element elementor-element-5f7f89d elementor-widget elementor-widget-heading\" data-id=\"5f7f89d\" data-element_type=\"widget\" data-e-type=\"widget\" data-widget_type=\"heading.default\">\n\t\t\t\t<div class=\"elementor-widget-container\">\n\t\t\t\t\t<h2 class=\"elementor-heading-title elementor-size-default\">- Defekte Artikel zur\u00fcckgeben<\/h2>\t\t\t\t<\/div>\n\t\t\t\t<\/div>\n\t\t\t\t\t<\/div>\n\t\t<\/div>\n\t\t\t\t\t<\/div>\n\t\t<\/section>\n\t\t\t\t<div class=\"elementor-element elementor-element-7440e7a color-scheme-inherit text-left elementor-widget elementor-widget-text-editor\" data-id=\"7440e7a\" data-element_type=\"widget\" data-e-type=\"widget\" data-widget_type=\"text-editor.default\">\n\t\t\t\t<div class=\"elementor-widget-container\">\n\t\t\t\t\t\t\t\t\t<p><span data-preserver-spaces=\"true\">Wir tun unser Bestes, um sicherzustellen, dass sich die an unsere Kunden versendeten Produkte in einem einwandfreien Zustand befinden.<br \/>\nSollte sich jedoch herausstellen, dass Ihr Produkt defekt ist, bitten wir Sie, uns die folgenden Beweise zukommen zu lassen: <\/span><\/p>\n<ul>\n<li>\n<p><span data-preserver-spaces=\"true\">Fotos von der Vorder- und R\u00fcckseite der Verpackung oder des Kartons;<\/span><\/p>\n<\/li>\n<li>\n<p><span data-preserver-spaces=\"true\">  Teillieferungsscheine (falls zutreffend);<\/span><\/p>\n<\/li>\n<li>\n<p><span data-preserver-spaces=\"true\">Foto oder Video des defekten Artikels;<\/span><\/p>\n<\/li>\n<li>\n<p><span data-preserver-spaces=\"true\">Eine detaillierte Beschreibung des Problems;<\/span><\/p>\n<\/li>\n<\/ul>\n<p>Wenn wir feststellen, dass das Produkt defekt ist, k\u00f6nnen Sie es innerhalb von 30 Tagen nach dem Kauf zur\u00fcckgeben, um ein neues Produkt zu erhalten oder den vollen Kaufpreis zur\u00fcckzuerstatten, einschlie\u00dflich Versand.<\/p>\n\t\t\t\t\t\t\t\t<\/div>\n\t\t\t\t<\/div>\n\t\t\t\t\t<\/div>\n\t\t<\/div>\n\t\t\t\t\t<\/div>\n\t\t<\/section>\n\t\t\t\t<section class=\"wd-negative-gap elementor-section elementor-top-section elementor-element elementor-element-3ac8acf elementor-section-boxed elementor-section-height-default elementor-section-height-default\" data-id=\"3ac8acf\" data-element_type=\"section\" data-e-type=\"section\">\n\t\t\t\t\t\t<div class=\"elementor-container elementor-column-gap-default\">\n\t\t\t\t\t<div class=\"elementor-column elementor-col-100 elementor-top-column elementor-element elementor-element-d9f83bd\" data-id=\"d9f83bd\" data-element_type=\"column\" data-e-type=\"column\">\n\t\t\t<div class=\"elementor-widget-wrap elementor-element-populated\">\n\t\t\t\t\t\t<section class=\"wd-negative-gap elementor-section elementor-inner-section elementor-element elementor-element-1d7d27b elementor-section-boxed elementor-section-height-default elementor-section-height-default\" data-id=\"1d7d27b\" data-element_type=\"section\" data-e-type=\"section\">\n\t\t\t\t\t\t<div class=\"elementor-container elementor-column-gap-default\">\n\t\t\t\t\t<div class=\"elementor-column elementor-col-100 elementor-inner-column elementor-element elementor-element-17941f7\" data-id=\"17941f7\" data-element_type=\"column\" data-e-type=\"column\">\n\t\t\t<div class=\"elementor-widget-wrap elementor-element-populated\">\n\t\t\t\t\t\t<div class=\"elementor-element elementor-element-ccc18ae elementor-widget elementor-widget-heading\" data-id=\"ccc18ae\" data-element_type=\"widget\" data-e-type=\"widget\" data-widget_type=\"heading.default\">\n\t\t\t\t<div class=\"elementor-widget-container\">\n\t\t\t\t\t<h2 class=\"elementor-heading-title elementor-size-default\">- R\u00fcckgabe-Prozess<\/h2>\t\t\t\t<\/div>\n\t\t\t\t<\/div>\n\t\t\t\t\t<\/div>\n\t\t<\/div>\n\t\t\t\t\t<\/div>\n\t\t<\/section>\n\t\t\t\t<div class=\"elementor-element elementor-element-fe0c004 color-scheme-inherit text-left elementor-widget elementor-widget-text-editor\" data-id=\"fe0c004\" data-element_type=\"widget\" data-e-type=\"widget\" data-widget_type=\"text-editor.default\">\n\t\t\t\t<div class=\"elementor-widget-container\">\n\t\t\t\t\t\t\t\t\t<ul>\n<li>Gehen Sie zu <strong><a href=\"https:\/\/peili.returnscenter.com\/\" target=\"_blank\" rel=\"noopener\">R\u00fcckgabe-Center<\/a><\/strong>und geben Sie Ihre Bestell-ID und E-Mail ein.<\/li>\n<li>W\u00e4hlen Sie die Artikel, die Sie zur\u00fcckgeben m\u00f6chten, und geben Sie die Gr\u00fcnde f\u00fcr die R\u00fcckgabe an.<\/li>\n<li>W\u00e4hlen Sie Ihre Verg\u00fctungsmethode.<\/li>\n<li>Nachdem wir Ihren R\u00fcckgabeantrag genehmigt haben, k\u00f6nnen Sie mit der R\u00fcckgabe fortfahren.<br \/>\nWir stellen Ihnen den USPS-R\u00fccksendeaufkleber zur Verf\u00fcgung <strong>(Bitte senden Sie nicht an die Adresse auf Ihrem Paket. Das ist nicht unsere R\u00fccksendeadresse und wird die Bearbeitung Ihrer R\u00fccksendung beeintr\u00e4chtigen. Wir akzeptieren keine R\u00fccksendungen, die Sie direkt zur\u00fcckgeschickt haben, ohne sich vorher mit uns in Verbindung zu setzen).<\/strong> <\/li>\n<li>Verpacken Sie Ihre Artikel sorgf\u00e4ltig, wenn m\u00f6glich im Originalversandkarton, und kleben Sie das R\u00fccksendeetikett sicher auf die Au\u00dfenseite Ihres R\u00fcckgabepakets.<\/li>\n<li>Senden Sie das R\u00fccksendepaket an die n\u00e4chstgelegene USPS-Station.<\/li>\n<li>Geben Sie bei der R\u00fccksendung unbedingt Ihre Bestellnummer, den Namen und die Adresse der Rechnungsadresse sowie den Grund f\u00fcr die R\u00fccksendung auf einem Blatt Papier an.<\/li>\n<\/ul>\n\t\t\t\t\t\t\t\t<\/div>\n\t\t\t\t<\/div>\n\t\t\t\t\t<\/div>\n\t\t<\/div>\n\t\t\t\t\t<\/div>\n\t\t<\/section>\n\t\t\t\t<section class=\"wd-negative-gap elementor-section elementor-top-section elementor-element elementor-element-3a1c4eb elementor-section-boxed elementor-section-height-default elementor-section-height-default\" data-id=\"3a1c4eb\" data-element_type=\"section\" data-e-type=\"section\">\n\t\t\t\t\t\t<div class=\"elementor-container elementor-column-gap-default\">\n\t\t\t\t\t<div class=\"elementor-column elementor-col-100 elementor-top-column elementor-element elementor-element-2a18caf\" data-id=\"2a18caf\" data-element_type=\"column\" data-e-type=\"column\">\n\t\t\t<div class=\"elementor-widget-wrap elementor-element-populated\">\n\t\t\t\t\t\t<section class=\"wd-negative-gap elementor-section elementor-inner-section elementor-element elementor-element-4a0dd36 elementor-section-boxed elementor-section-height-default elementor-section-height-default\" data-id=\"4a0dd36\" data-element_type=\"section\" data-e-type=\"section\">\n\t\t\t\t\t\t<div class=\"elementor-container elementor-column-gap-default\">\n\t\t\t\t\t<div class=\"elementor-column elementor-col-100 elementor-inner-column elementor-element elementor-element-9ab6f53\" data-id=\"9ab6f53\" data-element_type=\"column\" data-e-type=\"column\">\n\t\t\t<div class=\"elementor-widget-wrap elementor-element-populated\">\n\t\t\t\t\t\t<div class=\"elementor-element elementor-element-1359aef elementor-widget elementor-widget-heading\" data-id=\"1359aef\" data-element_type=\"widget\" data-e-type=\"widget\" data-widget_type=\"heading.default\">\n\t\t\t\t<div class=\"elementor-widget-container\">\n\t\t\t\t\t<h2 class=\"elementor-heading-title elementor-size-default\">- Kosten der R\u00fcckgabe<\/h2>\t\t\t\t<\/div>\n\t\t\t\t<\/div>\n\t\t\t\t\t<\/div>\n\t\t<\/div>\n\t\t\t\t\t<\/div>\n\t\t<\/section>\n\t\t\t\t<div class=\"elementor-element elementor-element-0fc0cc3 color-scheme-inherit text-left elementor-widget elementor-widget-text-editor\" data-id=\"0fc0cc3\" data-element_type=\"widget\" data-e-type=\"widget\" data-widget_type=\"text-editor.default\">\n\t\t\t\t<div class=\"elementor-widget-container\">\n\t\t\t\t\t\t\t\t\t<p>Sie k\u00f6nnen Ihr Paket mit einem verfolgbaren Spediteur Ihrer Wahl zur\u00fcckschicken oder Sie k\u00f6nnen den von uns zur Verf\u00fcgung gestellten R\u00fccksendeaufkleber verwenden. Die Versandkosten in H\u00f6he <b> von $7,99 <\/b> werden dann von Ihrer R\u00fcckerstattung abgezogen.<\/p>\n\t\t\t\t\t\t\t\t<\/div>\n\t\t\t\t<\/div>\n\t\t\t\t\t<\/div>\n\t\t<\/div>\n\t\t\t\t\t<\/div>\n\t\t<\/section>\n\t\t\t\t<section class=\"wd-negative-gap elementor-section elementor-top-section elementor-element elementor-element-503b82d elementor-section-boxed elementor-section-height-default elementor-section-height-default\" data-id=\"503b82d\" data-element_type=\"section\" data-e-type=\"section\">\n\t\t\t\t\t\t<div class=\"elementor-container elementor-column-gap-default\">\n\t\t\t\t\t<div class=\"elementor-column elementor-col-100 elementor-top-column elementor-element elementor-element-207b9a3\" data-id=\"207b9a3\" data-element_type=\"column\" data-e-type=\"column\">\n\t\t\t<div class=\"elementor-widget-wrap elementor-element-populated\">\n\t\t\t\t\t\t<section class=\"wd-negative-gap elementor-section elementor-inner-section elementor-element elementor-element-642ca46 elementor-section-boxed elementor-section-height-default elementor-section-height-default\" data-id=\"642ca46\" data-element_type=\"section\" data-e-type=\"section\">\n\t\t\t\t\t\t<div class=\"elementor-container elementor-column-gap-default\">\n\t\t\t\t\t<div class=\"elementor-column elementor-col-100 elementor-inner-column elementor-element elementor-element-ea3f77a\" data-id=\"ea3f77a\" data-element_type=\"column\" data-e-type=\"column\">\n\t\t\t<div class=\"elementor-widget-wrap elementor-element-populated\">\n\t\t\t\t\t\t<div class=\"elementor-element elementor-element-394e3d5 elementor-widget elementor-widget-heading\" data-id=\"394e3d5\" data-element_type=\"widget\" data-e-type=\"widget\" data-widget_type=\"heading.default\">\n\t\t\t\t<div class=\"elementor-widget-container\">\n\t\t\t\t\t<h2 class=\"elementor-heading-title elementor-size-default\">- Tausch<\/h2>\t\t\t\t<\/div>\n\t\t\t\t<\/div>\n\t\t\t\t\t<\/div>\n\t\t<\/div>\n\t\t\t\t\t<\/div>\n\t\t<\/section>\n\t\t\t\t<div class=\"elementor-element elementor-element-e5fef04 color-scheme-inherit text-left elementor-widget elementor-widget-text-editor\" data-id=\"e5fef04\" data-element_type=\"widget\" data-e-type=\"widget\" data-widget_type=\"text-editor.default\">\n\t\t\t\t<div class=\"elementor-widget-container\">\n\t\t\t\t\t\t\t\t\t<p>Wir freuen uns, Ihnen jetzt einen kostenlosen Umtausch f\u00fcr bestimmte Artikel anbieten zu k\u00f6nnen. <a href=\"https:\/\/peili.returnscenter.com\/\" target=\"_blank\" rel=\"noopener\"><span style=\"text-decoration: underline;\">Klicken Sie hier<\/span><\/a> um einen Umtausch f\u00fcr U.S.-Bestellungen zu starten.<br \/>\nF\u00fcr den Umtausch gelten unsere R\u00fcckgabebedingungen. <\/p>\n\t\t\t\t\t\t\t\t<\/div>\n\t\t\t\t<\/div>\n\t\t\t\t\t<\/div>\n\t\t<\/div>\n\t\t\t\t\t<\/div>\n\t\t<\/section>\n\t\t\t\t<section class=\"wd-negative-gap elementor-section elementor-top-section elementor-element elementor-element-f9d8bc4 elementor-section-boxed elementor-section-height-default elementor-section-height-default\" data-id=\"f9d8bc4\" data-element_type=\"section\" data-e-type=\"section\">\n\t\t\t\t\t\t<div class=\"elementor-container elementor-column-gap-default\">\n\t\t\t\t\t<div class=\"elementor-column elementor-col-100 elementor-top-column elementor-element elementor-element-fd03eb4\" data-id=\"fd03eb4\" data-element_type=\"column\" data-e-type=\"column\">\n\t\t\t<div class=\"elementor-widget-wrap elementor-element-populated\">\n\t\t\t\t\t\t<section class=\"wd-negative-gap elementor-section elementor-inner-section elementor-element elementor-element-e9f171a elementor-section-boxed elementor-section-height-default elementor-section-height-default\" data-id=\"e9f171a\" data-element_type=\"section\" data-e-type=\"section\">\n\t\t\t\t\t\t<div class=\"elementor-container elementor-column-gap-default\">\n\t\t\t\t\t<div class=\"elementor-column elementor-col-100 elementor-inner-column elementor-element elementor-element-4acfb6a\" data-id=\"4acfb6a\" data-element_type=\"column\" data-e-type=\"column\">\n\t\t\t<div class=\"elementor-widget-wrap elementor-element-populated\">\n\t\t\t\t\t\t<div class=\"elementor-element elementor-element-2d44f6a elementor-widget elementor-widget-heading\" data-id=\"2d44f6a\" data-element_type=\"widget\" data-e-type=\"widget\" data-widget_type=\"heading.default\">\n\t\t\t\t<div class=\"elementor-widget-container\">\n\t\t\t\t\t<h2 class=\"elementor-heading-title elementor-size-default\">- Erstattung<\/h2>\t\t\t\t<\/div>\n\t\t\t\t<\/div>\n\t\t\t\t\t<\/div>\n\t\t<\/div>\n\t\t\t\t\t<\/div>\n\t\t<\/section>\n\t\t\t\t<div class=\"elementor-element elementor-element-7936228 color-scheme-inherit text-left elementor-widget elementor-widget-text-editor\" data-id=\"7936228\" data-element_type=\"widget\" data-e-type=\"widget\" data-widget_type=\"text-editor.default\">\n\t\t\t\t<div class=\"elementor-widget-container\">\n\t\t\t\t\t\t\t\t\t<ul>\n<li>Die R\u00fcckerstattung wird innerhalb von 3 Werktagen nach Erhalt der zur\u00fcckgesandten Pakete bearbeitet.<br \/>\nDie Erstattung wird auf Ihr urspr\u00fcngliches Zahlungskonto \u00fcberwiesen. <\/li>\n<li><span data-preserver-spaces=\"true\">Wenn das Paket w\u00e4hrend des Versands gestohlen wird oder verloren geht, haben Sie Anspruch auf kostenlosen Ersatz oder R\u00fcckerstattung.<br \/>\nAllerdings, w <\/span>e \u00fcbernehmen keine Verantwortung, sobald sie vom Spediteur als zugestellt markiert sind.<\/li>\n<li>Sollte Ihr Paket nach 30 Tagen noch nicht geliefert worden sein, k\u00f6nnen Sie sich an uns wenden, um eine volle R\u00fcckerstattung oder einen neuen Ersatz zu beantragen.<\/li>\n<li><strong>Hinweis: Die urspr\u00fcnglichen Versandgeb\u00fchren und die Versicherung werden nicht erstattet.<\/strong><\/li>\n<\/ul>\n\t\t\t\t\t\t\t\t<\/div>\n\t\t\t\t<\/div>\n\t\t\t\t\t<\/div>\n\t\t<\/div>\n\t\t\t\t\t<\/div>\n\t\t<\/section>\n\t\t\t\t<\/div>\n\t\t","protected":false},"excerpt":{"rendered":"<p>&#8211; R\u00fcckgabe Bedingung Sie haben 14 Tage Zeit nach Erhalt Ihrer Artikel, um zu entscheiden, ob die Artikel f\u00fcr Sie<\/p>\n","protected":false},"author":1,"featured_media":0,"parent":0,"menu_order":0,"comment_status":"closed","ping_status":"closed","template":"","meta":{"footnotes":""},"class_list":["post-205193","page","type-page","status-publish","hentry"],"_links":{"self":[{"href":"https:\/\/peilishop.com\/de\/wp-json\/wp\/v2\/pages\/205193","targetHints":{"allow":["GET"]}}],"collection":[{"href":"https:\/\/peilishop.com\/de\/wp-json\/wp\/v2\/pages"}],"about":[{"href":"https:\/\/peilishop.com\/de\/wp-json\/wp\/v2\/types\/page"}],"author":[{"embeddable":true,"href":"https:\/\/peilishop.com\/de\/wp-json\/wp\/v2\/users\/1"}],"replies":[{"embeddable":true,"href":"https:\/\/peilishop.com\/de\/wp-json\/wp\/v2\/comments?post=205193"}],"version-history":[{"count":0,"href":"https:\/\/peilishop.com\/de\/wp-json\/wp\/v2\/pages\/205193\/revisions"}],"wp:attachment":[{"href":"https:\/\/peilishop.com\/de\/wp-json\/wp\/v2\/media?parent=205193"}],"curies":[{"name":"wp","href":"https:\/\/api.w.org\/{rel}","templated":true}]}}