{"id":205176,"date":"2021-08-12T08:09:11","date_gmt":"2021-08-12T12:09:11","guid":{"rendered":"https:\/\/peilishop.com\/versandrichtlinien\/"},"modified":"2024-07-31T15:45:12","modified_gmt":"2024-07-31T19:45:12","slug":"versandrichtlinien","status":"publish","type":"page","link":"https:\/\/peilishop.com\/de\/versandrichtlinien\/","title":{"rendered":"Versandrichtlinien"},"content":{"rendered":"\t\t<div data-elementor-type=\"wp-page\" data-elementor-id=\"205176\" class=\"elementor elementor-205176 elementor-26479\" data-elementor-post-type=\"page\">\n\t\t\t\t\t\t<section class=\"elementor-section elementor-top-section elementor-element elementor-element-521cf7ab elementor-section-boxed elementor-section-height-default elementor-section-height-default\" data-id=\"521cf7ab\" data-element_type=\"section\" data-e-type=\"section\">\n\t\t\t\t\t\t<div class=\"elementor-container elementor-column-gap-default\">\n\t\t\t\t\t<div class=\"elementor-column elementor-col-100 elementor-top-column elementor-element elementor-element-5b7a87a6\" data-id=\"5b7a87a6\" data-element_type=\"column\" data-e-type=\"column\">\n\t\t\t<div class=\"elementor-widget-wrap elementor-element-populated\">\n\t\t\t\t\t\t<div class=\"elementor-element elementor-element-2086357c elementor-widget elementor-widget-heading\" data-id=\"2086357c\" data-element_type=\"widget\" data-e-type=\"widget\" data-widget_type=\"heading.default\">\n\t\t\t\t<div class=\"elementor-widget-container\">\n\t\t\t\t\t<h4 class=\"elementor-heading-title elementor-size-medium\">Auf dieser Seite erfahren Sie, wie Sie eine Versandart f\u00fcr Ihre Bestellung ausw\u00e4hlen, die Kosten und die Dauer des Versands absch\u00e4tzen und weitere Informationen \u00fcber den Versandprozess erhalten:  <\/h4>\t\t\t\t<\/div>\n\t\t\t\t<\/div>\n\t\t\t\t<div class=\"elementor-element elementor-element-64f0b86a elementor-widget elementor-widget-shortcode\" data-id=\"64f0b86a\" data-element_type=\"widget\" data-e-type=\"widget\" data-widget_type=\"shortcode.default\">\n\t\t\t\t<div class=\"elementor-widget-container\">\n\t\t\t\t\t\t\t<div class=\"elementor-shortcode\">[ninja_tables id=\"19522\"]<\/div>\n\t\t\t\t\t\t<\/div>\n\t\t\t\t<\/div>\n\t\t\t\t<div class=\"elementor-element elementor-element-145ec2e elementor-widget elementor-widget-heading\" data-id=\"145ec2e\" data-element_type=\"widget\" data-e-type=\"widget\" data-widget_type=\"heading.default\">\n\t\t\t\t<div class=\"elementor-widget-container\">\n\t\t\t\t\t<h2 class=\"elementor-heading-title elementor-size-default\">Anmerkung:<\/h2>\t\t\t\t<\/div>\n\t\t\t\t<\/div>\n\t\t\t\t<div class=\"elementor-element elementor-element-551f513e color-scheme-inherit text-left elementor-widget elementor-widget-text-editor\" data-id=\"551f513e\" data-element_type=\"widget\" data-e-type=\"widget\" data-widget_type=\"text-editor.default\">\n\t\t\t\t<div class=\"elementor-widget-container\">\n\t\t\t\t\t\t\t\t\t<div>\n<ul>\n<li>Expedited Shipping Bestellungen werden nach dem<strong> 3. Mai<\/strong> nach dem Feiertag &#8222;Tag der Arbeit&#8220; verschickt.<\/li>\n<li>Kostenlose Sendungsverfolgung per E-Mail und SMS f\u00fcr alle Kunden.<\/li>\n<li>F\u00fcr den Standardversand erhalten alle US-Kunden USPS Ground Advantage \/ Priority Mail Last-Mile-Zustellung (alle Artikel au\u00dfer gro\u00dfen unverpackbaren H\u00fcten und Taschen). W\u00e4hlen Sie an der Kasse einfach Standardversand.<\/li>\n<li>Expedited Shipping (Fedex, DHL, UPS, au\u00dfer USPS Priority) ist nicht f\u00fcr P.O. Boxes und APO\/FPO Adressen verf\u00fcgbar.<\/li>\n<li><span data-preserver-spaces=\"true\">Bevor Ihre Bestellung versandt wird, m\u00fcssen wir sie zun\u00e4chst bearbeiten, was im Durchschnitt etwa 1 bis 3 Werktage dauert. Die Gesamtlieferzeit ist die Summe der  <\/span><strong><span data-preserver-spaces=\"true\">Bearbeitungszeit<\/span><\/strong><span data-preserver-spaces=\"true\"> und die <\/span><strong><span data-preserver-spaces=\"true\">Versandzeit<\/span><\/strong><span data-preserver-spaces=\"true\">.<\/span><\/li>\n<li>Der <span data-preserver-spaces=\"true\">Versand kann <\/span>aufgrund ung\u00fcltiger Adressen <span data-preserver-spaces=\"true\">l\u00e4nger dauern <\/span>. Wenn Sie sich in einer abgelegenen Gegend befinden, kann der Versand auch l\u00e4nger dauern.<\/li>\n<li><span data-preserver-spaces=\"true\">W\u00e4hrend der Ferienzeit kann die Lieferzeit Ihrer Bestellung l\u00e4nger als gew\u00f6hnlich dauern.  <\/span><\/li>\n<li><span data-preserver-spaces=\"true\">Wenn das Paket w\u00e4hrend des Versands gestohlen wird oder verloren geht, haben Sie Anspruch auf kostenlosen Ersatz oder R\u00fcckerstattung. Allerdings, w<\/span>e \u00fcbernehmen keine Verantwortung, sobald sie vom Spediteur als zugestellt markiert sind.<\/li>\n<li>Sollte Ihr Paket nach 30 Tagen noch nicht geliefert worden sein, k\u00f6nnen Sie sich an uns wenden, um eine volle R\u00fcckerstattung oder einen neuen Ersatz zu beantragen.<\/li>\n<\/ul>\n<\/div>\n<div> <\/div>\n\t\t\t\t\t\t\t\t<\/div>\n\t\t\t\t<\/div>\n\t\t\t\t\t<\/div>\n\t\t<\/div>\n\t\t\t\t\t<\/div>\n\t\t<\/section>\n\t\t\t\t<\/div>\n\t\t","protected":false},"excerpt":{"rendered":"<p>Auf dieser Seite erfahren Sie, wie Sie eine Versandart f\u00fcr Ihre Bestellung ausw\u00e4hlen, die Kosten und die Dauer des Versands<\/p>\n","protected":false},"author":1,"featured_media":0,"parent":0,"menu_order":0,"comment_status":"closed","ping_status":"closed","template":"","meta":{"footnotes":""},"class_list":["post-205176","page","type-page","status-publish","hentry"],"_links":{"self":[{"href":"https:\/\/peilishop.com\/de\/wp-json\/wp\/v2\/pages\/205176","targetHints":{"allow":["GET"]}}],"collection":[{"href":"https:\/\/peilishop.com\/de\/wp-json\/wp\/v2\/pages"}],"about":[{"href":"https:\/\/peilishop.com\/de\/wp-json\/wp\/v2\/types\/page"}],"author":[{"embeddable":true,"href":"https:\/\/peilishop.com\/de\/wp-json\/wp\/v2\/users\/1"}],"replies":[{"embeddable":true,"href":"https:\/\/peilishop.com\/de\/wp-json\/wp\/v2\/comments?post=205176"}],"version-history":[{"count":0,"href":"https:\/\/peilishop.com\/de\/wp-json\/wp\/v2\/pages\/205176\/revisions"}],"wp:attachment":[{"href":"https:\/\/peilishop.com\/de\/wp-json\/wp\/v2\/media?parent=205176"}],"curies":[{"name":"wp","href":"https:\/\/api.w.org\/{rel}","templated":true}]}}